{"id":11580,"date":"2025-03-24T10:06:07","date_gmt":"2025-03-24T08:06:07","guid":{"rendered":"https:\/\/taikalyhty.fi\/?post_type=product&#038;p=11580"},"modified":"2025-06-16T09:59:27","modified_gmt":"2025-06-16T06:59:27","slug":"3x2m-nayttelypaikan-takaseinan-brandays-takaseinan-tulosteella","status":"publish","type":"product","link":"https:\/\/taikalyhty.fi\/en\/product\/3x2m-nayttelypaikan-takaseinan-brandays-takaseinan-tulosteella\/","title":{"rendered":"3x2m n\u00e4yttelypaikan takasein\u00e4n br\u00e4nd\u00e4ys takasein\u00e4n tulosteella"},"content":{"rendered":"<p><strong>Sein\u00e4n br\u00e4nd\u00e4ys:\u00a0<\/strong><br \/>\nYhten\u00e4inen Decotex-kangas 300 x 220 cm.<\/p>\n<p>Kiinnitys Velcro -tarranauhalla. Kangas on helposti irrotettava ja uudelleenk\u00e4ytett\u00e4viss\u00e4.<\/p>\n<p>Tulostustiedosto toimitettava 14 p\u00e4iv\u00e4\u00e4 (viimeist\u00e4\u00e4n 8.8.) ennen tapahtumaa: pdf-tiedosto 150 dpi, 100 % koossa, cmyk, 5 mm bleedit, ei leikkausmerkkej\u00e4.<\/p>\n<p>Aineistokoko: 3000x2200mm<\/p>\n<p>Osastovaraukseen kuuluvat tuotteet:<\/p>\n<p><strong>Sein\u00e4t:\u00a0<\/strong><br \/>\n4 sein\u00e4elementti\u00e4 profiilirakenteesta valkoisilla sein\u00e4levyill\u00e4. Sein\u00e4n korkeus 220 cm. Sivusein\u00e4kkeiden leveys 100 cm.<\/p>\n<p><strong>Valaistus:<\/strong><br \/>\nLED-varsivalot 3 kpl<\/p>\n<p><strong>S\u00e4hk\u00f6sy\u00f6tt\u00f6\u00a0<\/strong><br \/>\nkuuluu pakettiin, 3-osainen pistoke<\/p>\n<p><strong>Huom:\u00a0<\/strong><br \/>\nOsaston laskuttaa Terveys ja Talous ry<\/p>","protected":false},"excerpt":{"rendered":"<p>Sein\u00e4n br\u00e4nd\u00e4ys:\u00a0 Yhten\u00e4inen Decotex-kangas 300 x 220 cm. Kiinnitys Velcro -tarranauhalla. Kangas on helposti irrotettava ja uudelleenk\u00e4ytett\u00e4viss\u00e4. Tulostustiedosto toimitettava 14 p\u00e4iv\u00e4\u00e4 (viimeist\u00e4\u00e4n 8.8.) ennen tapahtumaa: pdf-tiedosto 150 dpi, 100 % koossa, cmyk, 5 mm bleedit, ei leikkausmerkkej\u00e4. Aineistokoko: 3000x2200mm Osastovaraukseen kuuluvat tuotteet: Sein\u00e4t:\u00a0 4 sein\u00e4elementti\u00e4 profiilirakenteesta valkoisilla sein\u00e4levyill\u00e4. Sein\u00e4n korkeus 220 cm. Sivusein\u00e4kkeiden leveys 100 [&hellip;]<\/p>\n","protected":false},"featured_media":11576,"template":"","meta":{"_joinchat":[]},"product_brand":[],"product_cat":[107,21],"product_tag":[],"class_list":{"0":"post-11580","1":"product","2":"type-product","3":"status-publish","4":"has-post-thumbnail","6":"product_cat-terveys-ja-talous-paivat-helsinki-27-28-8-2025","7":"product_cat-yleinen","9":"first","10":"instock","11":"shipping-taxable","12":"purchasable","13":"product-type-simple"},"_links":{"self":[{"href":"https:\/\/taikalyhty.fi\/en\/wp-json\/wp\/v2\/product\/11580","targetHints":{"allow":["GET"]}}],"collection":[{"href":"https:\/\/taikalyhty.fi\/en\/wp-json\/wp\/v2\/product"}],"about":[{"href":"https:\/\/taikalyhty.fi\/en\/wp-json\/wp\/v2\/types\/product"}],"wp:featuredmedia":[{"embeddable":true,"href":"https:\/\/taikalyhty.fi\/en\/wp-json\/wp\/v2\/media\/11576"}],"wp:attachment":[{"href":"https:\/\/taikalyhty.fi\/en\/wp-json\/wp\/v2\/media?parent=11580"}],"wp:term":[{"taxonomy":"product_brand","embeddable":true,"href":"https:\/\/taikalyhty.fi\/en\/wp-json\/wp\/v2\/product_brand?post=11580"},{"taxonomy":"product_cat","embeddable":true,"href":"https:\/\/taikalyhty.fi\/en\/wp-json\/wp\/v2\/product_cat?post=11580"},{"taxonomy":"product_tag","embeddable":true,"href":"https:\/\/taikalyhty.fi\/en\/wp-json\/wp\/v2\/product_tag?post=11580"}],"curies":[{"name":"wp","href":"https:\/\/api.w.org\/{rel}","templated":true}]}}