{"id":11561,"date":"2025-03-13T16:02:46","date_gmt":"2025-03-13T14:02:46","guid":{"rendered":"https:\/\/taikalyhty.fi\/?post_type=product&#038;p=11561"},"modified":"2025-03-13T16:11:51","modified_gmt":"2025-03-13T14:11:51","slug":"kirsikkapuu","status":"publish","type":"product","link":"https:\/\/taikalyhty.fi\/en\/product\/kirsikkapuu\/","title":{"rendered":"Kirsikkapuu"},"content":{"rendered":"","protected":false},"excerpt":{"rendered":"<p>N\u00e4ytt\u00e4v\u00e4 kirsikkapuu, joka on n\u00e4pp\u00e4r\u00e4 kuljettaa ja kasata. Pohjalevyll\u00e4, jonka voi my\u00f6s koteloida laminaattilattian sis\u00e4\u00e4n.<\/p>\n<p>Korkeus 3m, leveys n. 2,8m. Oksat p\u00f6rhennett\u00e4viss\u00e4 haluttuun muotoon.<\/p>","protected":false},"featured_media":11562,"template":"","meta":{"_joinchat":[]},"product_brand":[],"product_cat":[109,21],"product_tag":[],"class_list":{"0":"post-11561","1":"product","2":"type-product","3":"status-publish","4":"has-post-thumbnail","6":"product_cat-somisteet-ja-ajatukset","7":"product_cat-yleinen","9":"first","10":"instock","11":"shipping-taxable","12":"purchasable","13":"product-type-simple"},"_links":{"self":[{"href":"https:\/\/taikalyhty.fi\/en\/wp-json\/wp\/v2\/product\/11561","targetHints":{"allow":["GET"]}}],"collection":[{"href":"https:\/\/taikalyhty.fi\/en\/wp-json\/wp\/v2\/product"}],"about":[{"href":"https:\/\/taikalyhty.fi\/en\/wp-json\/wp\/v2\/types\/product"}],"wp:featuredmedia":[{"embeddable":true,"href":"https:\/\/taikalyhty.fi\/en\/wp-json\/wp\/v2\/media\/11562"}],"wp:attachment":[{"href":"https:\/\/taikalyhty.fi\/en\/wp-json\/wp\/v2\/media?parent=11561"}],"wp:term":[{"taxonomy":"product_brand","embeddable":true,"href":"https:\/\/taikalyhty.fi\/en\/wp-json\/wp\/v2\/product_brand?post=11561"},{"taxonomy":"product_cat","embeddable":true,"href":"https:\/\/taikalyhty.fi\/en\/wp-json\/wp\/v2\/product_cat?post=11561"},{"taxonomy":"product_tag","embeddable":true,"href":"https:\/\/taikalyhty.fi\/en\/wp-json\/wp\/v2\/product_tag?post=11561"}],"curies":[{"name":"wp","href":"https:\/\/api.w.org\/{rel}","templated":true}]}}