{"id":11497,"date":"2025-02-25T16:33:48","date_gmt":"2025-02-25T14:33:48","guid":{"rendered":"https:\/\/taikalyhty.fi\/?post_type=product&#038;p=11497"},"modified":"2025-02-27T08:28:12","modified_gmt":"2025-02-27T06:28:12","slug":"osaston-takaseinan-brandays-electricity25","status":"publish","type":"product","link":"https:\/\/taikalyhty.fi\/en\/product\/osaston-takaseinan-brandays-electricity25\/","title":{"rendered":"Osaston sein\u00e4n br\u00e4nd\u00e4ys (Hinta 66-80\u20ac \/ m2), Electricity25"},"content":{"rendered":"","protected":false},"excerpt":{"rendered":"<p><strong>HUOM Hinta: 66\u20ac\/m2 Decotex -kankaalle tai 80\u20ac\/m2 viscom -levylle.<\/strong><\/p>\n<p>Tulostus asiakkaan toimittamasta tiedostosta. Hinta ei sis\u00e4ll\u00e4 graafista suunnittelua.<\/p>\n<p>Tarkista painoaineiston koko osastoesitteest\u00e4 tai kysy taikalyhty@taikalyhty.fi<\/p>\n<p><img fetchpriority=\"high\" decoding=\"async\" class=\"alignnone size-medium wp-image-10923\" src=\"https:\/\/taikalyhty.fi\/wp-content\/uploads\/2023\/12\/PAINO-OHJE-2023-195x300.png\" alt=\"\" width=\"195\" height=\"300\" srcset=\"https:\/\/taikalyhty.fi\/wp-content\/uploads\/2023\/12\/PAINO-OHJE-2023-195x300.png 195w, https:\/\/taikalyhty.fi\/wp-content\/uploads\/2023\/12\/PAINO-OHJE-2023-667x1024.png 667w, https:\/\/taikalyhty.fi\/wp-content\/uploads\/2023\/12\/PAINO-OHJE-2023-98x150.png 98w, https:\/\/taikalyhty.fi\/wp-content\/uploads\/2023\/12\/PAINO-OHJE-2023-768x1180.png 768w, https:\/\/taikalyhty.fi\/wp-content\/uploads\/2023\/12\/PAINO-OHJE-2023-1000x1536.png 1000w, https:\/\/taikalyhty.fi\/wp-content\/uploads\/2023\/12\/PAINO-OHJE-2023-1333x2048.png 1333w, https:\/\/taikalyhty.fi\/wp-content\/uploads\/2023\/12\/PAINO-OHJE-2023-8x12.png 8w, https:\/\/taikalyhty.fi\/wp-content\/uploads\/2023\/12\/PAINO-OHJE-2023-260x400.png 260w, https:\/\/taikalyhty.fi\/wp-content\/uploads\/2023\/12\/PAINO-OHJE-2023.png 2023w\" sizes=\"(max-width: 195px) 100vw, 195px\" \/><img decoding=\"async\" class=\"alignnone size-medium wp-image-10922\" src=\"https:\/\/taikalyhty.fi\/wp-content\/uploads\/2023\/12\/PRINT-GUIDE-ENGLISH-2023-195x300.png\" alt=\"\" width=\"195\" height=\"300\" srcset=\"https:\/\/taikalyhty.fi\/wp-content\/uploads\/2023\/12\/PRINT-GUIDE-ENGLISH-2023-195x300.png 195w, https:\/\/taikalyhty.fi\/wp-content\/uploads\/2023\/12\/PRINT-GUIDE-ENGLISH-2023-667x1024.png 667w, https:\/\/taikalyhty.fi\/wp-content\/uploads\/2023\/12\/PRINT-GUIDE-ENGLISH-2023-98x150.png 98w, https:\/\/taikalyhty.fi\/wp-content\/uploads\/2023\/12\/PRINT-GUIDE-ENGLISH-2023-768x1180.png 768w, https:\/\/taikalyhty.fi\/wp-content\/uploads\/2023\/12\/PRINT-GUIDE-ENGLISH-2023-1000x1536.png 1000w, https:\/\/taikalyhty.fi\/wp-content\/uploads\/2023\/12\/PRINT-GUIDE-ENGLISH-2023-1333x2048.png 1333w, https:\/\/taikalyhty.fi\/wp-content\/uploads\/2023\/12\/PRINT-GUIDE-ENGLISH-2023-8x12.png 8w, https:\/\/taikalyhty.fi\/wp-content\/uploads\/2023\/12\/PRINT-GUIDE-ENGLISH-2023-260x400.png 260w, https:\/\/taikalyhty.fi\/wp-content\/uploads\/2023\/12\/PRINT-GUIDE-ENGLISH-2023.png 2023w\" sizes=\"(max-width: 195px) 100vw, 195px\" \/><\/p>","protected":false},"featured_media":11180,"template":"","meta":{"_joinchat":[]},"product_brand":[],"product_cat":[113],"product_tag":[],"class_list":{"0":"post-11497","1":"product","2":"type-product","3":"status-publish","4":"has-post-thumbnail","6":"product_cat-electricity-2027","8":"first","9":"instock","10":"shipping-taxable","11":"purchasable","12":"product-type-simple"},"_links":{"self":[{"href":"https:\/\/taikalyhty.fi\/en\/wp-json\/wp\/v2\/product\/11497","targetHints":{"allow":["GET"]}}],"collection":[{"href":"https:\/\/taikalyhty.fi\/en\/wp-json\/wp\/v2\/product"}],"about":[{"href":"https:\/\/taikalyhty.fi\/en\/wp-json\/wp\/v2\/types\/product"}],"wp:featuredmedia":[{"embeddable":true,"href":"https:\/\/taikalyhty.fi\/en\/wp-json\/wp\/v2\/media\/11180"}],"wp:attachment":[{"href":"https:\/\/taikalyhty.fi\/en\/wp-json\/wp\/v2\/media?parent=11497"}],"wp:term":[{"taxonomy":"product_brand","embeddable":true,"href":"https:\/\/taikalyhty.fi\/en\/wp-json\/wp\/v2\/product_brand?post=11497"},{"taxonomy":"product_cat","embeddable":true,"href":"https:\/\/taikalyhty.fi\/en\/wp-json\/wp\/v2\/product_cat?post=11497"},{"taxonomy":"product_tag","embeddable":true,"href":"https:\/\/taikalyhty.fi\/en\/wp-json\/wp\/v2\/product_tag?post=11497"}],"curies":[{"name":"wp","href":"https:\/\/api.w.org\/{rel}","templated":true}]}}