{"id":11496,"date":"2025-02-25T16:29:44","date_gmt":"2025-02-25T14:29:44","guid":{"rendered":"https:\/\/taikalyhty.fi\/?post_type=product&#038;p=11496"},"modified":"2025-12-03T17:22:36","modified_gmt":"2025-12-03T15:22:36","slug":"tiskin-etusivun-brandays-2","status":"publish","type":"product","link":"https:\/\/taikalyhty.fi\/en\/product\/tiskin-etusivun-brandays-2\/","title":{"rendered":"Branding of desk front"},"content":{"rendered":"<p>Tiskin etusivun br\u00e4nd\u00e4ys.<\/p>\n<p>Etulevyn aineiston koko 1030x1000mm.<\/p>","protected":false},"excerpt":{"rendered":"<p>Tiskin etusivun br\u00e4nd\u00e4ys.<\/p>\n<p>Etulevyn aineiston koko 1030x1000mm. HUOM. my\u00f6s isommat tiskikokonaisuudet mahdollisia &#8211; kysy taikalyhty@taikalyhty.fi<\/p>\n<p>Voit my\u00f6s br\u00e4nd\u00e4t\u00e4 tiskin p\u00e4\u00e4dyt hintaan 40 \u20ac \/ p\u00e4\u00e4ty. P\u00e4\u00e4tyjen aineistokoko 530 x 1000mm.<\/p>\n<p>Aineistop\u00e4iv\u00e4 13.5.<\/p>","protected":false},"featured_media":11354,"template":"","meta":{"_joinchat":[]},"product_brand":[],"product_cat":[122,113,107],"product_tag":[],"class_list":{"0":"post-11496","1":"product","2":"type-product","3":"status-publish","4":"has-post-thumbnail","6":"product_cat-icip26","7":"product_cat-electricity-2027","8":"product_cat-terveys-ja-talous-paivat-helsinki-27-28-8-2025","10":"first","11":"instock","12":"shipping-taxable","13":"purchasable","14":"product-type-simple"},"_links":{"self":[{"href":"https:\/\/taikalyhty.fi\/en\/wp-json\/wp\/v2\/product\/11496","targetHints":{"allow":["GET"]}}],"collection":[{"href":"https:\/\/taikalyhty.fi\/en\/wp-json\/wp\/v2\/product"}],"about":[{"href":"https:\/\/taikalyhty.fi\/en\/wp-json\/wp\/v2\/types\/product"}],"wp:featuredmedia":[{"embeddable":true,"href":"https:\/\/taikalyhty.fi\/en\/wp-json\/wp\/v2\/media\/11354"}],"wp:attachment":[{"href":"https:\/\/taikalyhty.fi\/en\/wp-json\/wp\/v2\/media?parent=11496"}],"wp:term":[{"taxonomy":"product_brand","embeddable":true,"href":"https:\/\/taikalyhty.fi\/en\/wp-json\/wp\/v2\/product_brand?post=11496"},{"taxonomy":"product_cat","embeddable":true,"href":"https:\/\/taikalyhty.fi\/en\/wp-json\/wp\/v2\/product_cat?post=11496"},{"taxonomy":"product_tag","embeddable":true,"href":"https:\/\/taikalyhty.fi\/en\/wp-json\/wp\/v2\/product_tag?post=11496"}],"curies":[{"name":"wp","href":"https:\/\/api.w.org\/{rel}","templated":true}]}}