{"id":11485,"date":"2025-02-22T11:18:52","date_gmt":"2025-02-22T09:18:52","guid":{"rendered":"https:\/\/taikalyhty.fi\/?post_type=product&#038;p=11485"},"modified":"2025-02-22T13:43:53","modified_gmt":"2025-02-22T11:43:53","slug":"martela-jakkarat","status":"publish","type":"product","link":"https:\/\/taikalyhty.fi\/en\/product\/martela-jakkarat\/","title":{"rendered":"Martela JAKKARAT"},"content":{"rendered":"","protected":false},"excerpt":{"rendered":"<p>HUOM. HINTA SIS\u00c4LT\u00c4\u00c4 6 JAKKARAA &#8211; EI KUVASSA N\u00c4KYV\u00c4\u00c4 P\u00d6YT\u00c4\u00c4<\/p>\n<p>Kuusi eritt\u00e4in laadukasta Martelan mustaa design baarijakkaraa, vaneri-istuimella.<\/p>","protected":false},"featured_media":11486,"template":"","meta":{"_joinchat":[]},"product_brand":[],"product_cat":[121],"product_tag":[123,45],"class_list":{"0":"post-11485","1":"product","2":"type-product","3":"status-publish","4":"has-post-thumbnail","6":"product_cat-set","7":"product_tag-baarijakkara","8":"product_tag-musta","10":"first","11":"instock","12":"shipping-taxable","13":"purchasable","14":"product-type-simple"},"_links":{"self":[{"href":"https:\/\/taikalyhty.fi\/en\/wp-json\/wp\/v2\/product\/11485","targetHints":{"allow":["GET"]}}],"collection":[{"href":"https:\/\/taikalyhty.fi\/en\/wp-json\/wp\/v2\/product"}],"about":[{"href":"https:\/\/taikalyhty.fi\/en\/wp-json\/wp\/v2\/types\/product"}],"wp:featuredmedia":[{"embeddable":true,"href":"https:\/\/taikalyhty.fi\/en\/wp-json\/wp\/v2\/media\/11486"}],"wp:attachment":[{"href":"https:\/\/taikalyhty.fi\/en\/wp-json\/wp\/v2\/media?parent=11485"}],"wp:term":[{"taxonomy":"product_brand","embeddable":true,"href":"https:\/\/taikalyhty.fi\/en\/wp-json\/wp\/v2\/product_brand?post=11485"},{"taxonomy":"product_cat","embeddable":true,"href":"https:\/\/taikalyhty.fi\/en\/wp-json\/wp\/v2\/product_cat?post=11485"},{"taxonomy":"product_tag","embeddable":true,"href":"https:\/\/taikalyhty.fi\/en\/wp-json\/wp\/v2\/product_tag?post=11485"}],"curies":[{"name":"wp","href":"https:\/\/api.w.org\/{rel}","templated":true}]}}