{"id":11482,"date":"2025-02-22T11:15:00","date_gmt":"2025-02-22T09:15:00","guid":{"rendered":"https:\/\/taikalyhty.fi\/?post_type=product&#038;p=11482"},"modified":"2025-02-22T11:16:28","modified_gmt":"2025-02-22T09:16:28","slug":"ideas-set","status":"publish","type":"product","link":"https:\/\/taikalyhty.fi\/en\/product\/ideas-set\/","title":{"rendered":"Ideas set"},"content":{"rendered":"","protected":false},"excerpt":{"rendered":"<p>P\u00f6yt\u00e4 on 280 cm pitk\u00e4, leveys toisesta p\u00e4\u00e4st\u00e4 80 cm ja toisesta 120 cm.<\/p>\n<p>Jakkaroiden istuinkorkeus 62 cm.<\/p>","protected":false},"featured_media":11484,"template":"","meta":{"_joinchat":[]},"product_brand":[],"product_cat":[121],"product_tag":[],"class_list":{"0":"post-11482","1":"product","2":"type-product","3":"status-publish","4":"has-post-thumbnail","6":"product_cat-set","8":"first","9":"instock","10":"shipping-taxable","11":"purchasable","12":"product-type-simple"},"_links":{"self":[{"href":"https:\/\/taikalyhty.fi\/en\/wp-json\/wp\/v2\/product\/11482","targetHints":{"allow":["GET"]}}],"collection":[{"href":"https:\/\/taikalyhty.fi\/en\/wp-json\/wp\/v2\/product"}],"about":[{"href":"https:\/\/taikalyhty.fi\/en\/wp-json\/wp\/v2\/types\/product"}],"wp:featuredmedia":[{"embeddable":true,"href":"https:\/\/taikalyhty.fi\/en\/wp-json\/wp\/v2\/media\/11484"}],"wp:attachment":[{"href":"https:\/\/taikalyhty.fi\/en\/wp-json\/wp\/v2\/media?parent=11482"}],"wp:term":[{"taxonomy":"product_brand","embeddable":true,"href":"https:\/\/taikalyhty.fi\/en\/wp-json\/wp\/v2\/product_brand?post=11482"},{"taxonomy":"product_cat","embeddable":true,"href":"https:\/\/taikalyhty.fi\/en\/wp-json\/wp\/v2\/product_cat?post=11482"},{"taxonomy":"product_tag","embeddable":true,"href":"https:\/\/taikalyhty.fi\/en\/wp-json\/wp\/v2\/product_tag?post=11482"}],"curies":[{"name":"wp","href":"https:\/\/api.w.org\/{rel}","templated":true}]}}