{"id":11478,"date":"2025-02-22T10:59:11","date_gmt":"2025-02-22T08:59:11","guid":{"rendered":"https:\/\/taikalyhty.fi\/?post_type=product&#038;p=11478"},"modified":"2025-02-22T11:09:23","modified_gmt":"2025-02-22T09:09:23","slug":"martelan-spot-baaripoyta-drop-baarijakkarat","status":"publish","type":"product","link":"https:\/\/taikalyhty.fi\/en\/product\/martelan-spot-baaripoyta-drop-baarijakkarat\/","title":{"rendered":"Martelan Spot baarip\u00f6yt\u00e4 &#038; Drop baarijakkarat"},"content":{"rendered":"","protected":false},"excerpt":{"rendered":"<p>Kuuden hengen p\u00f6yt\u00e4ryhm\u00e4. Martelan Drop-baarijakkarat ja korkea Martelan Drop pitk\u00e4 baarip\u00f6yt\u00e4.<\/p>\n<p><b>P\u00f6yt\u00e4<\/b><\/p>\n<ul>\n<li>Leveys 160 cm<\/li>\n<li>Syvyys 60 cm<\/li>\n<li>Korkeus 111 cm<\/li>\n<\/ul>","protected":false},"featured_media":11479,"template":"","meta":{"_joinchat":[]},"product_brand":[],"product_cat":[121],"product_tag":[],"class_list":{"0":"post-11478","1":"product","2":"type-product","3":"status-publish","4":"has-post-thumbnail","6":"product_cat-set","8":"first","9":"instock","10":"shipping-taxable","11":"purchasable","12":"product-type-simple"},"_links":{"self":[{"href":"https:\/\/taikalyhty.fi\/en\/wp-json\/wp\/v2\/product\/11478","targetHints":{"allow":["GET"]}}],"collection":[{"href":"https:\/\/taikalyhty.fi\/en\/wp-json\/wp\/v2\/product"}],"about":[{"href":"https:\/\/taikalyhty.fi\/en\/wp-json\/wp\/v2\/types\/product"}],"wp:featuredmedia":[{"embeddable":true,"href":"https:\/\/taikalyhty.fi\/en\/wp-json\/wp\/v2\/media\/11479"}],"wp:attachment":[{"href":"https:\/\/taikalyhty.fi\/en\/wp-json\/wp\/v2\/media?parent=11478"}],"wp:term":[{"taxonomy":"product_brand","embeddable":true,"href":"https:\/\/taikalyhty.fi\/en\/wp-json\/wp\/v2\/product_brand?post=11478"},{"taxonomy":"product_cat","embeddable":true,"href":"https:\/\/taikalyhty.fi\/en\/wp-json\/wp\/v2\/product_cat?post=11478"},{"taxonomy":"product_tag","embeddable":true,"href":"https:\/\/taikalyhty.fi\/en\/wp-json\/wp\/v2\/product_tag?post=11478"}],"curies":[{"name":"wp","href":"https:\/\/api.w.org\/{rel}","templated":true}]}}