{"id":11469,"date":"2025-02-15T20:25:45","date_gmt":"2025-02-15T18:25:45","guid":{"rendered":"https:\/\/taikalyhty.fi\/?post_type=product&#038;p=11469"},"modified":"2025-12-03T17:26:43","modified_gmt":"2025-12-03T15:26:43","slug":"samsung-55-qe55t-smart-signage-naytto-icip26","status":"publish","type":"product","link":"https:\/\/taikalyhty.fi\/en\/product\/samsung-55-qe55t-smart-signage-naytto-icip26\/","title":{"rendered":"Samsung QE55T Smart Signage LED screen 55'' ICIP26"},"content":{"rendered":"<p>Smart Signage -n\u00e4ytt\u00f6 on tavallisen n\u00e4yt\u00f6n ja tietokoneen hybridi -malli. Lataa esityksesi esimerkiksi USB-tikulta suoraan n\u00e4yt\u00f6n sis\u00e4iseen muistiin ja nauti esityksist\u00e4si ilman mediaplayereita tai muuta ylim\u00e4\u00e4r\u00e4ist\u00e4.<\/p>\n<ul>\n<li>55\u201d Anti-Glare n\u00e4ytt\u00f6<\/li>\n<li>Eritt\u00e4in ohut malli<\/li>\n<li><i>3840*2160 (4K UHD)<\/i><\/li>\n<li>Mitat 1235 x 50 x 707 mm<\/li>\n<li>Powerful built-in speakers<\/li>\n<li>Toistaa Office -dokumentit ilman erillist\u00e4 tietokonetta (Powerpoint, Excel, Word yms.)<\/li>\n<li>Sis\u00e4inen 5 GB muisti<\/li>\n<\/ul>\n<p>&nbsp;<\/p>\n<p><img fetchpriority=\"high\" decoding=\"async\" class=\"alignnone size-medium wp-image-10991\" src=\"https:\/\/taikalyhty.fi\/wp-content\/uploads\/2023\/04\/Screen-mounting-300x168.png\" alt=\"\" width=\"300\" height=\"168\" srcset=\"https:\/\/taikalyhty.fi\/wp-content\/uploads\/2023\/04\/Screen-mounting-300x168.png 300w, https:\/\/taikalyhty.fi\/wp-content\/uploads\/2023\/04\/Screen-mounting-150x84.png 150w, https:\/\/taikalyhty.fi\/wp-content\/uploads\/2023\/04\/Screen-mounting-768x431.png 768w, https:\/\/taikalyhty.fi\/wp-content\/uploads\/2023\/04\/Screen-mounting-18x10.png 18w, https:\/\/taikalyhty.fi\/wp-content\/uploads\/2023\/04\/Screen-mounting-400x225.png 400w, https:\/\/taikalyhty.fi\/wp-content\/uploads\/2023\/04\/Screen-mounting.png 805w\" sizes=\"(max-width: 300px) 100vw, 300px\" \/><\/p>\n<p>&nbsp;<\/p>\n<p>N\u00e4iss\u00e4 n\u00e4yt\u00f6iss\u00e4 on eritt\u00e4in ohuet reunat, mink\u00e4 vuoksi niist\u00e4 voidaan mainiosti rakentaa my\u00f6s n\u00e4ytt\u00e4v\u00e4 videosein\u00e4.<\/p>","protected":false},"excerpt":{"rendered":"<p>Smart Signage -n\u00e4ytt\u00f6 on tavallisen n\u00e4yt\u00f6n ja tietokoneen hybridi -malli. Lataa esityksesi esimerkiksi USB-tikulta suoraan n\u00e4yt\u00f6n sis\u00e4iseen muistiin ja nauti esityksist\u00e4si ilman mediaplayereita tai muuta ylim\u00e4\u00e4r\u00e4ist\u00e4. 55\u201d Anti-Glare n\u00e4ytt\u00f6 Eritt\u00e4in ohut malli 3840*2160 (4K UHD) Mitat 1235 x 50 x 707 mm Tehokkaat kaiuttimet Toistaa Office -dokumentit ilman erillist\u00e4 tietokonetta (Powerpoint, Excel, Word yms.) Sis\u00e4inen [&hellip;]<\/p>\n","protected":false},"featured_media":1283,"template":"","meta":{"_joinchat":[]},"product_brand":[],"product_cat":[122],"product_tag":[],"class_list":{"0":"post-11469","1":"product","2":"type-product","3":"status-publish","4":"has-post-thumbnail","6":"product_cat-icip26","8":"first","9":"instock","10":"shipping-taxable","11":"purchasable","12":"product-type-simple"},"_links":{"self":[{"href":"https:\/\/taikalyhty.fi\/en\/wp-json\/wp\/v2\/product\/11469","targetHints":{"allow":["GET"]}}],"collection":[{"href":"https:\/\/taikalyhty.fi\/en\/wp-json\/wp\/v2\/product"}],"about":[{"href":"https:\/\/taikalyhty.fi\/en\/wp-json\/wp\/v2\/types\/product"}],"wp:featuredmedia":[{"embeddable":true,"href":"https:\/\/taikalyhty.fi\/en\/wp-json\/wp\/v2\/media\/1283"}],"wp:attachment":[{"href":"https:\/\/taikalyhty.fi\/en\/wp-json\/wp\/v2\/media?parent=11469"}],"wp:term":[{"taxonomy":"product_brand","embeddable":true,"href":"https:\/\/taikalyhty.fi\/en\/wp-json\/wp\/v2\/product_brand?post=11469"},{"taxonomy":"product_cat","embeddable":true,"href":"https:\/\/taikalyhty.fi\/en\/wp-json\/wp\/v2\/product_cat?post=11469"},{"taxonomy":"product_tag","embeddable":true,"href":"https:\/\/taikalyhty.fi\/en\/wp-json\/wp\/v2\/product_tag?post=11469"}],"curies":[{"name":"wp","href":"https:\/\/api.w.org\/{rel}","templated":true}]}}