{"id":11464,"date":"2025-02-15T20:14:37","date_gmt":"2025-02-15T18:14:37","guid":{"rendered":"https:\/\/taikalyhty.fi\/?post_type=product&#038;p=11464"},"modified":"2025-12-03T17:27:54","modified_gmt":"2025-12-03T15:27:54","slug":"k22pp-baaripoyta-valkoinen-icip26","status":"publish","type":"product","link":"https:\/\/taikalyhty.fi\/en\/product\/k22pp-baaripoyta-valkoinen-icip26\/","title":{"rendered":"K22PP Bar table, white ICIP26"},"content":{"rendered":"<p><strong>Korkeus:<\/strong> 110cm<br \/>\n<strong>Halkaisija:<\/strong> 60 cm<\/p>\n<p>Vastaavia p\u00f6yti\u00e4 saatavissa eri korkeuksissa. Tutustu seuraaviin tuotteisiimme:<\/p>\n<p><a href=\"https:\/\/taikalyhty.fi\/en\/vuokraamo\/neuvottelupoyta\/\" target=\"_blank\" rel=\"noopener\">Neuvottelup\u00f6yt\u00e4<br \/>\n<\/a><strong>Korkeus:<\/strong> 60 cm<\/p>\n<p><a href=\"https:\/\/taikalyhty.fi\/en\/vuokraamo\/pyorea-neuvottelupoyta-k20-4\/\">Py\u00f6re\u00e4 neuvottelup\u00f6yt\u00e4<\/a><br \/>\n<strong>Korkeus:<\/strong> 73 cm<\/p>\n<dl class=\"gallery-item\">\n<dt class=\"gallery-icon portrait\"><a href=\"https:\/\/taikalyhty.fi\/wp-content\/uploads\/2018\/09\/Lasiseina1.jpg\" data-elementor-open-lightbox=\"yes\" data-elementor-lightbox-slideshow=\"50f8709\" data-elementor-lightbox-title=\"Lasiseina1\"><img fetchpriority=\"high\" decoding=\"async\" src=\"https:\/\/taikalyhty.fi\/wp-content\/uploads\/2018\/09\/Lasiseina1.jpg\" sizes=\"(max-width: 676px) 100vw, 676px\" srcset=\"https:\/\/taikalyhty.fi\/wp-content\/uploads\/2018\/09\/Lasiseina1.jpg 676w, https:\/\/taikalyhty.fi\/wp-content\/uploads\/2018\/09\/Lasiseina1-286x300.jpg 286w, https:\/\/taikalyhty.fi\/wp-content\/uploads\/2018\/09\/Lasiseina1-600x629.jpg 600w\" alt=\"\" width=\"676\" height=\"709\" \/><\/a><\/dt>\n<\/dl>\n<dl class=\"gallery-item\">\n<dt class=\"gallery-icon landscape\"><a href=\"https:\/\/taikalyhty.fi\/wp-content\/uploads\/2018\/09\/Baaripoyta.jpg\" data-elementor-open-lightbox=\"yes\" data-elementor-lightbox-slideshow=\"50f8709\" data-elementor-lightbox-title=\"Baaripoyta\"><img decoding=\"async\" src=\"https:\/\/taikalyhty.fi\/wp-content\/uploads\/2018\/09\/Baaripoyta.jpg\" sizes=\"(max-width: 572px) 100vw, 572px\" srcset=\"https:\/\/taikalyhty.fi\/wp-content\/uploads\/2018\/09\/Baaripoyta.jpg 572w, https:\/\/taikalyhty.fi\/wp-content\/uploads\/2018\/09\/Baaripoyta-300x278.jpg 300w\" alt=\"\" width=\"572\" height=\"531\" \/><\/a><\/dt>\n<\/dl>\n<p>&nbsp;<\/p>\n<dl class=\"gallery-item\">\n<dt class=\"gallery-icon landscape\"><a href=\"https:\/\/taikalyhty.fi\/wp-content\/uploads\/2018\/09\/Neuvottelupoyta.jpg\" data-elementor-open-lightbox=\"yes\" data-elementor-lightbox-slideshow=\"50f8709\" data-elementor-lightbox-title=\"Neuvottelupoyta\"><img decoding=\"async\" src=\"https:\/\/taikalyhty.fi\/wp-content\/uploads\/2018\/09\/Neuvottelupoyta.jpg\" sizes=\"(max-width: 700px) 100vw, 700px\" srcset=\"https:\/\/taikalyhty.fi\/wp-content\/uploads\/2018\/09\/Neuvottelupoyta.jpg 700w, https:\/\/taikalyhty.fi\/wp-content\/uploads\/2018\/09\/Neuvottelupoyta-300x219.jpg 300w, https:\/\/taikalyhty.fi\/wp-content\/uploads\/2018\/09\/Neuvottelupoyta-600x438.jpg 600w\" alt=\"\" width=\"700\" height=\"511\" \/><\/a><\/dt>\n<\/dl>\n<p>&nbsp;<\/p>","protected":false},"excerpt":{"rendered":"<p>Valkoinen kansi, vaaleanharmaa jalka.<\/p>","protected":false},"featured_media":993,"template":"","meta":{"_joinchat":[]},"product_brand":[],"product_cat":[122],"product_tag":[],"class_list":{"0":"post-11464","1":"product","2":"type-product","3":"status-publish","4":"has-post-thumbnail","6":"product_cat-icip26","8":"first","9":"instock","10":"shipping-taxable","11":"purchasable","12":"product-type-simple"},"_links":{"self":[{"href":"https:\/\/taikalyhty.fi\/en\/wp-json\/wp\/v2\/product\/11464","targetHints":{"allow":["GET"]}}],"collection":[{"href":"https:\/\/taikalyhty.fi\/en\/wp-json\/wp\/v2\/product"}],"about":[{"href":"https:\/\/taikalyhty.fi\/en\/wp-json\/wp\/v2\/types\/product"}],"wp:featuredmedia":[{"embeddable":true,"href":"https:\/\/taikalyhty.fi\/en\/wp-json\/wp\/v2\/media\/993"}],"wp:attachment":[{"href":"https:\/\/taikalyhty.fi\/en\/wp-json\/wp\/v2\/media?parent=11464"}],"wp:term":[{"taxonomy":"product_brand","embeddable":true,"href":"https:\/\/taikalyhty.fi\/en\/wp-json\/wp\/v2\/product_brand?post=11464"},{"taxonomy":"product_cat","embeddable":true,"href":"https:\/\/taikalyhty.fi\/en\/wp-json\/wp\/v2\/product_cat?post=11464"},{"taxonomy":"product_tag","embeddable":true,"href":"https:\/\/taikalyhty.fi\/en\/wp-json\/wp\/v2\/product_tag?post=11464"}],"curies":[{"name":"wp","href":"https:\/\/api.w.org\/{rel}","templated":true}]}}