{"id":11461,"date":"2025-02-15T12:37:42","date_gmt":"2025-02-15T10:37:42","guid":{"rendered":"https:\/\/taikalyhty.fi\/?post_type=product&#038;p=11461"},"modified":"2026-03-05T10:39:01","modified_gmt":"2026-03-05T08:39:01","slug":"liukuovikaappi-k10-perusmalli-icip26","status":"publish","type":"product","link":"https:\/\/taikalyhty.fi\/en\/product\/liukuovikaappi-k10-perusmalli-icip26\/","title":{"rendered":"Sliding door cabinet, K10, Basic model ICIP26"},"content":{"rendered":"<p>Liukuovikaappi, alumiiniprofiilirunkoinen kaappi, korkeus 100 cm, leveys 103 cm, syvyys 53 cm, perustoimitus: kansi: valkea melamiinipintainen &#8221;uppokansi&#8221;, koko 47&#215;97 cm, etulevy, johon voi kiinnitt\u00e4\u00e4 julisteen tai teipata logon \/ teksti\u00e4, korkeus 89 cm,leveys 98 cm. Kylkilevyjen korkeus 89 cm, leveys 48 cm, kaapissa ei ole v\u00e4lihylly\u00e4 eik\u00e4 pohjalevy\u00e4, ruuvattavat s\u00e4\u00e4t\u00f6jalat. Tu- ja kylkilevyiss\u00e4 laidoista 6 mm j\u00e4\u00e4 profiilin sis\u00e4\u00e4n n\u00e4kym\u00e4tt\u00f6miin.<\/p>","protected":false},"excerpt":{"rendered":"<p>Liukuovikaappi, alumiiniprofiilirunkoinen kaappi, korkeus 100 cm, leveys 103 cm, syvyys 53 cm, perustoimitus: kansi: valkea melamiinipintainen &#8221;uppokansi&#8221;, koko 47&#215;97 cm, etulevyn n\u00e4kyv\u00e4 osa&#8221;; tila johon voi kiinnitt\u00e4\u00e4 julisteen tai teipata logon \/ teksti\u00e4, korkeus 89 cm,leveys 97 cm. kylkilevyjen &#8221;n\u00e4kyv\u00e4 osa&#8221;, korkeus 89 cm, leveys 47 cm, kaapissa ei ole v\u00e4lihylly\u00e4 eik\u00e4 pohjalevy\u00e4, ruuvattavat s\u00e4\u00e4t\u00f6jalat. Kysy eri v\u00e4rivaihtoehtoja!<\/p>\n<div style=\"border: 1px solid #ddd; border-radius: 1px; position: relative; overflow: hidden; margin-bottom: 2em;\">\n<p><iframe style=\"width: 100%; height: 35.9em; display: block;\" src=\"https:\/\/3dwarehouse.sketchup.com\/embed.html?mid=u6c753224-1903-4a0d-9833-e477a8a14ca7\" frameborder=\"0\" marginwidth=\"0\" marginheight=\"0\" scrolling=\"no\" allowfullscreen=\"allowfullscreen\"><\/iframe><\/p>\n<div style=\"background: #fff; position: absolute; box-shadow: 0 0 2px rgba(0,0,0,.5); font-family: sans-serif; text-align: center; font-size: .7em; right: 0; bottom: 0; left: 0; line-height: 1.7em; padding: 10px 0;\">Tartu kuvaan py\u00f6ritt\u00e4\u00e4ksesi sit\u00e4. Shift + kuvaan tarttuminen liikuttaa sit\u00e4 linjassa. Scroll = zoom.<br \/>\nCopyright by Taikalyhty Oy \u00a9 2016<\/div>\n<\/div>","protected":false},"featured_media":677,"template":"","meta":{"_joinchat":[]},"product_brand":[],"product_cat":[122],"product_tag":[],"class_list":{"0":"post-11461","1":"product","2":"type-product","3":"status-publish","4":"has-post-thumbnail","6":"product_cat-icip26","8":"first","9":"instock","10":"shipping-taxable","11":"purchasable","12":"product-type-simple"},"_links":{"self":[{"href":"https:\/\/taikalyhty.fi\/en\/wp-json\/wp\/v2\/product\/11461","targetHints":{"allow":["GET"]}}],"collection":[{"href":"https:\/\/taikalyhty.fi\/en\/wp-json\/wp\/v2\/product"}],"about":[{"href":"https:\/\/taikalyhty.fi\/en\/wp-json\/wp\/v2\/types\/product"}],"wp:featuredmedia":[{"embeddable":true,"href":"https:\/\/taikalyhty.fi\/en\/wp-json\/wp\/v2\/media\/677"}],"wp:attachment":[{"href":"https:\/\/taikalyhty.fi\/en\/wp-json\/wp\/v2\/media?parent=11461"}],"wp:term":[{"taxonomy":"product_brand","embeddable":true,"href":"https:\/\/taikalyhty.fi\/en\/wp-json\/wp\/v2\/product_brand?post=11461"},{"taxonomy":"product_cat","embeddable":true,"href":"https:\/\/taikalyhty.fi\/en\/wp-json\/wp\/v2\/product_cat?post=11461"},{"taxonomy":"product_tag","embeddable":true,"href":"https:\/\/taikalyhty.fi\/en\/wp-json\/wp\/v2\/product_tag?post=11461"}],"curies":[{"name":"wp","href":"https:\/\/api.w.org\/{rel}","templated":true}]}}