{"id":11439,"date":"2025-01-28T14:43:44","date_gmt":"2025-01-28T12:43:44","guid":{"rendered":"https:\/\/taikalyhty.fi\/?post_type=product&#038;p=11439"},"modified":"2025-01-28T15:01:42","modified_gmt":"2025-01-28T13:01:42","slug":"samsung-qe85t-smart-signage-naytto-85","status":"publish","type":"product","link":"https:\/\/taikalyhty.fi\/en\/product\/samsung-qe85t-smart-signage-naytto-85\/","title":{"rendered":"Samsung QE85T Smart Signage screen 85\u201d"},"content":{"rendered":"<p>Smart Signage -n\u00e4ytt\u00f6 on tavallisen n\u00e4yt\u00f6n ja tietokoneen hybridi -malli. Lataa esityksesi esimerkiksi USB-tikulta suoraan n\u00e4yt\u00f6n sis\u00e4iseen muistiin ja nauti esityksist\u00e4si ilman mediaplayereita tai muuta ylim\u00e4\u00e4r\u00e4ist\u00e4.<\/p>\n<p>&nbsp;<\/p>\n<ul class=\"ns_font_details ns_m_a_0 ns_p_l_4 ns_m_b_4\">\n<li>85 tuuma<\/li>\n<li>3840 x 2160 4K UHD (2160p)<\/li>\n<li>300 cd\/m\u00b2<\/li>\n<li>41.5 kg<\/li>\n<li>Ulkomitat 190.09 cm x 2.69 cm x 108.62 cm<\/li>\n<li>Powerful built-in speakers<\/li>\n<li>Toistaa Office -dokumentit ilman erillist\u00e4 tietokonetta (Powerpoint, Excel, Word yms.)<\/li>\n<li>Sis\u00e4inen 5 GB muisti<\/li>\n<\/ul>\n<p>&nbsp;<\/p>\n<p>&nbsp;<\/p>\n<p>&nbsp;<\/p>","protected":false},"excerpt":{"rendered":"<p>Hinta sis\u00e4lt\u00e4\u00e4 joko:<\/p>\n<ul>\n<li>Heavy duty -lattiajalustan<\/li>\n<li>N\u00e4yt\u00f6n taakse piiloon j\u00e4\u00e4v\u00e4n sein\u00e4kannakeratkaisun<\/li>\n<\/ul>","protected":false},"featured_media":11441,"template":"","meta":{"_joinchat":[]},"product_brand":[],"product_cat":[67,63,107],"product_tag":[],"class_list":{"0":"post-11439","1":"product","2":"type-product","3":"status-publish","4":"has-post-thumbnail","6":"product_cat-naytot","7":"product_cat-screenit-projektorit","8":"product_cat-terveys-ja-talous-paivat-helsinki-27-28-8-2025","10":"first","11":"instock","12":"shipping-taxable","13":"purchasable","14":"product-type-simple"},"_links":{"self":[{"href":"https:\/\/taikalyhty.fi\/en\/wp-json\/wp\/v2\/product\/11439","targetHints":{"allow":["GET"]}}],"collection":[{"href":"https:\/\/taikalyhty.fi\/en\/wp-json\/wp\/v2\/product"}],"about":[{"href":"https:\/\/taikalyhty.fi\/en\/wp-json\/wp\/v2\/types\/product"}],"wp:featuredmedia":[{"embeddable":true,"href":"https:\/\/taikalyhty.fi\/en\/wp-json\/wp\/v2\/media\/11441"}],"wp:attachment":[{"href":"https:\/\/taikalyhty.fi\/en\/wp-json\/wp\/v2\/media?parent=11439"}],"wp:term":[{"taxonomy":"product_brand","embeddable":true,"href":"https:\/\/taikalyhty.fi\/en\/wp-json\/wp\/v2\/product_brand?post=11439"},{"taxonomy":"product_cat","embeddable":true,"href":"https:\/\/taikalyhty.fi\/en\/wp-json\/wp\/v2\/product_cat?post=11439"},{"taxonomy":"product_tag","embeddable":true,"href":"https:\/\/taikalyhty.fi\/en\/wp-json\/wp\/v2\/product_tag?post=11439"}],"curies":[{"name":"wp","href":"https:\/\/api.w.org\/{rel}","templated":true}]}}