{"id":11432,"date":"2025-01-27T12:33:35","date_gmt":"2025-01-27T10:33:35","guid":{"rendered":"https:\/\/taikalyhty.fi\/?post_type=product&#038;p=11432"},"modified":"2025-06-05T13:31:07","modified_gmt":"2025-06-05T10:31:07","slug":"esittelyhylly-musta-lasikansilla","status":"publish","type":"product","link":"https:\/\/taikalyhty.fi\/en\/product\/esittelyhylly-musta-lasikansilla\/","title":{"rendered":"Esittelyhylly musta, lasikansilla h=93cm"},"content":{"rendered":"","protected":false},"excerpt":{"rendered":"<p>Tyylik\u00e4s musta matala esittelyhylly. P\u00e4\u00e4lli- ja alataso mdf -levy\u00e4, v\u00e4lihylly lasia.<\/p>\n<p>&nbsp;<\/p>\n<p class=\"pip-product-dimensions__measurement-wrapper\"><span class=\"pip-product-dimensions__measurement-name\">P\u00e4\u00e4llyslevyn enimm\u00e4iskuormitus:\u00a0<\/span>30 kg<\/p>\n<p class=\"pip-product-dimensions__measurement-wrapper\"><span class=\"pip-product-dimensions__measurement-name\">Leveys:\u00a0<\/span>100 cm<\/p>\n<p class=\"pip-product-dimensions__measurement-wrapper\"><span class=\"pip-product-dimensions__measurement-name\">Syvyys:\u00a0<\/span>36 cm<\/p>\n<p class=\"pip-product-dimensions__measurement-wrapper\"><span class=\"pip-product-dimensions__measurement-name\">Korkeus:\u00a0<\/span>93 cm<\/p>\n<p class=\"pip-product-dimensions__measurement-wrapper\"><span class=\"pip-product-dimensions__measurement-name\">Enimm\u00e4iskuormitus\/hyllylevy:\u00a0<\/span>15 kg<\/p>","protected":false},"featured_media":11433,"template":"","meta":{"_joinchat":[]},"product_brand":[],"product_cat":[71],"product_tag":[],"class_list":{"0":"post-11432","1":"product","2":"type-product","3":"status-publish","4":"has-post-thumbnail","6":"product_cat-hyllyt","8":"first","9":"instock","10":"shipping-taxable","11":"purchasable","12":"product-type-simple"},"_links":{"self":[{"href":"https:\/\/taikalyhty.fi\/en\/wp-json\/wp\/v2\/product\/11432","targetHints":{"allow":["GET"]}}],"collection":[{"href":"https:\/\/taikalyhty.fi\/en\/wp-json\/wp\/v2\/product"}],"about":[{"href":"https:\/\/taikalyhty.fi\/en\/wp-json\/wp\/v2\/types\/product"}],"wp:featuredmedia":[{"embeddable":true,"href":"https:\/\/taikalyhty.fi\/en\/wp-json\/wp\/v2\/media\/11433"}],"wp:attachment":[{"href":"https:\/\/taikalyhty.fi\/en\/wp-json\/wp\/v2\/media?parent=11432"}],"wp:term":[{"taxonomy":"product_brand","embeddable":true,"href":"https:\/\/taikalyhty.fi\/en\/wp-json\/wp\/v2\/product_brand?post=11432"},{"taxonomy":"product_cat","embeddable":true,"href":"https:\/\/taikalyhty.fi\/en\/wp-json\/wp\/v2\/product_cat?post=11432"},{"taxonomy":"product_tag","embeddable":true,"href":"https:\/\/taikalyhty.fi\/en\/wp-json\/wp\/v2\/product_tag?post=11432"}],"curies":[{"name":"wp","href":"https:\/\/api.w.org\/{rel}","templated":true}]}}