{"id":11427,"date":"2025-01-24T16:38:37","date_gmt":"2025-01-24T14:38:37","guid":{"rendered":"https:\/\/taikalyhty.fi\/?post_type=product&#038;p=11427"},"modified":"2025-01-24T16:40:12","modified_gmt":"2025-01-24T14:40:12","slug":"martela-drop-set","status":"publish","type":"product","link":"https:\/\/taikalyhty.fi\/en\/product\/martela-drop-set\/","title":{"rendered":"Martela Drop set"},"content":{"rendered":"","protected":false},"excerpt":{"rendered":"<ul>\n<li>\n<h1>Martela Drop-baarip\u00f6yt\u00e4ryhm\u00e4, neuvottelup\u00f6yt\u00e4<\/h1>\n<div><\/div>\n<div>\n<p>Laadukas nelj\u00e4n hengen p\u00f6yt\u00e4ryhm\u00e4. Martelan Drop-baarijakkarat ja korkea neuvottelup\u00f6yt\u00e4.<\/p>\n<p><strong>Mitat<\/strong>:<\/p>\n<ul>\n<li>Leveys 160 cm<\/li>\n<li>Syvyys 80 cm<\/li>\n<\/ul>\n<ul>\n<li>Korkeus 105\/80 cm<\/li>\n<\/ul>\n<\/div>\n<\/li>\n<\/ul>","protected":false},"featured_media":11430,"template":"","meta":{"_joinchat":[]},"product_brand":[],"product_cat":[121],"product_tag":[],"class_list":{"0":"post-11427","1":"product","2":"type-product","3":"status-publish","4":"has-post-thumbnail","6":"product_cat-set","8":"first","9":"instock","10":"shipping-taxable","11":"purchasable","12":"product-type-simple"},"_links":{"self":[{"href":"https:\/\/taikalyhty.fi\/en\/wp-json\/wp\/v2\/product\/11427","targetHints":{"allow":["GET"]}}],"collection":[{"href":"https:\/\/taikalyhty.fi\/en\/wp-json\/wp\/v2\/product"}],"about":[{"href":"https:\/\/taikalyhty.fi\/en\/wp-json\/wp\/v2\/types\/product"}],"wp:featuredmedia":[{"embeddable":true,"href":"https:\/\/taikalyhty.fi\/en\/wp-json\/wp\/v2\/media\/11430"}],"wp:attachment":[{"href":"https:\/\/taikalyhty.fi\/en\/wp-json\/wp\/v2\/media?parent=11427"}],"wp:term":[{"taxonomy":"product_brand","embeddable":true,"href":"https:\/\/taikalyhty.fi\/en\/wp-json\/wp\/v2\/product_brand?post=11427"},{"taxonomy":"product_cat","embeddable":true,"href":"https:\/\/taikalyhty.fi\/en\/wp-json\/wp\/v2\/product_cat?post=11427"},{"taxonomy":"product_tag","embeddable":true,"href":"https:\/\/taikalyhty.fi\/en\/wp-json\/wp\/v2\/product_tag?post=11427"}],"curies":[{"name":"wp","href":"https:\/\/api.w.org\/{rel}","templated":true}]}}