{"id":11424,"date":"2025-01-24T16:33:14","date_gmt":"2025-01-24T14:33:14","guid":{"rendered":"https:\/\/taikalyhty.fi\/?post_type=product&#038;p=11424"},"modified":"2025-01-24T16:37:40","modified_gmt":"2025-01-24T14:37:40","slug":"kinnarps-oberon-martela-drop-set","status":"publish","type":"product","link":"https:\/\/taikalyhty.fi\/en\/product\/kinnarps-oberon-martela-drop-set\/","title":{"rendered":"Kinnarps Oberon &#038; Martela Drop set"},"content":{"rendered":"","protected":false},"excerpt":{"rendered":"<p>Kuuden hengen p\u00f6yt\u00e4ryhm\u00e4. Martelan Drop-baarijakkarat ja korkea Kinnarpsin Oberon-neuvottelup\u00f6yt\u00e4.<\/p>\n<p><strong>P\u00f6yd\u00e4n mitat<\/strong>:<\/p>\n<ul>\n<li>Leveys 160 cm<\/li>\n<li>Syvyys 70 cm<\/li>\n<\/ul>\n<ul>\n<li>Korkeus 106 cm<\/li>\n<\/ul>","protected":false},"featured_media":11425,"template":"","meta":{"_joinchat":[]},"product_brand":[],"product_cat":[121],"product_tag":[],"class_list":{"0":"post-11424","1":"product","2":"type-product","3":"status-publish","4":"has-post-thumbnail","6":"product_cat-set","8":"first","9":"instock","10":"shipping-taxable","11":"purchasable","12":"product-type-simple"},"_links":{"self":[{"href":"https:\/\/taikalyhty.fi\/en\/wp-json\/wp\/v2\/product\/11424","targetHints":{"allow":["GET"]}}],"collection":[{"href":"https:\/\/taikalyhty.fi\/en\/wp-json\/wp\/v2\/product"}],"about":[{"href":"https:\/\/taikalyhty.fi\/en\/wp-json\/wp\/v2\/types\/product"}],"wp:featuredmedia":[{"embeddable":true,"href":"https:\/\/taikalyhty.fi\/en\/wp-json\/wp\/v2\/media\/11425"}],"wp:attachment":[{"href":"https:\/\/taikalyhty.fi\/en\/wp-json\/wp\/v2\/media?parent=11424"}],"wp:term":[{"taxonomy":"product_brand","embeddable":true,"href":"https:\/\/taikalyhty.fi\/en\/wp-json\/wp\/v2\/product_brand?post=11424"},{"taxonomy":"product_cat","embeddable":true,"href":"https:\/\/taikalyhty.fi\/en\/wp-json\/wp\/v2\/product_cat?post=11424"},{"taxonomy":"product_tag","embeddable":true,"href":"https:\/\/taikalyhty.fi\/en\/wp-json\/wp\/v2\/product_tag?post=11424"}],"curies":[{"name":"wp","href":"https:\/\/api.w.org\/{rel}","templated":true}]}}