{"id":11410,"date":"2025-01-12T15:06:30","date_gmt":"2025-01-12T13:06:30","guid":{"rendered":"https:\/\/taikalyhty.fi\/?post_type=product&#038;p=11410"},"modified":"2025-01-12T15:15:10","modified_gmt":"2025-01-12T13:15:10","slug":"steelcase-set","status":"publish","type":"product","link":"https:\/\/taikalyhty.fi\/en\/product\/steelcase-set\/","title":{"rendered":"Steelcase set"},"content":{"rendered":"","protected":false},"excerpt":{"rendered":"<p>Kaksi Steelcase-baarijakkaraa ja tyylik\u00e4s baarip\u00f6yt\u00e4.<\/p>\n<p>&nbsp;<\/p>\n<p><strong>Mitat<\/strong>:<\/p>\n<ul>\n<li>Korkeus 111 cm<\/li>\n<li>Halkaisija 70 cm<\/li>\n<li>Istumakorkeus 78 cm<\/li>\n<\/ul>\n<div><\/div>","protected":false},"featured_media":11412,"template":"","meta":{"_joinchat":[]},"product_brand":[],"product_cat":[121,21],"product_tag":[],"class_list":{"0":"post-11410","1":"product","2":"type-product","3":"status-publish","4":"has-post-thumbnail","6":"product_cat-set","7":"product_cat-yleinen","9":"first","10":"instock","11":"shipping-taxable","12":"purchasable","13":"product-type-simple"},"_links":{"self":[{"href":"https:\/\/taikalyhty.fi\/en\/wp-json\/wp\/v2\/product\/11410","targetHints":{"allow":["GET"]}}],"collection":[{"href":"https:\/\/taikalyhty.fi\/en\/wp-json\/wp\/v2\/product"}],"about":[{"href":"https:\/\/taikalyhty.fi\/en\/wp-json\/wp\/v2\/types\/product"}],"wp:featuredmedia":[{"embeddable":true,"href":"https:\/\/taikalyhty.fi\/en\/wp-json\/wp\/v2\/media\/11412"}],"wp:attachment":[{"href":"https:\/\/taikalyhty.fi\/en\/wp-json\/wp\/v2\/media?parent=11410"}],"wp:term":[{"taxonomy":"product_brand","embeddable":true,"href":"https:\/\/taikalyhty.fi\/en\/wp-json\/wp\/v2\/product_brand?post=11410"},{"taxonomy":"product_cat","embeddable":true,"href":"https:\/\/taikalyhty.fi\/en\/wp-json\/wp\/v2\/product_cat?post=11410"},{"taxonomy":"product_tag","embeddable":true,"href":"https:\/\/taikalyhty.fi\/en\/wp-json\/wp\/v2\/product_tag?post=11410"}],"curies":[{"name":"wp","href":"https:\/\/api.w.org\/{rel}","templated":true}]}}