{"id":11404,"date":"2025-01-12T14:57:53","date_gmt":"2025-01-12T12:57:53","guid":{"rendered":"https:\/\/taikalyhty.fi\/?post_type=product&#038;p=11404"},"modified":"2025-01-12T15:04:54","modified_gmt":"2025-01-12T13:04:54","slug":"parri-set","status":"publish","type":"product","link":"https:\/\/taikalyhty.fi\/en\/product\/parri-set\/","title":{"rendered":"Parri set"},"content":{"rendered":"","protected":false},"excerpt":{"rendered":"<h1>Parri Desing p\u00f6yt\u00e4ryhm\u00e4, baarip\u00f6yt\u00e4 &amp; 5kpl baarijakkara.<\/h1>\n<div><\/div>\n<div>Italialaista tyyli\u00e4. Mitat:<\/div>\n<div>\n<ul>\n<li>Leveys 160 cm<\/li>\n<li>Syvyys 75 cm<\/li>\n<li>Korkeus 100 cm<\/li>\n<li>Istumakorkeus 76 cm<\/li>\n<\/ul>\n<\/div>","protected":false},"featured_media":11403,"template":"","meta":{"_joinchat":[]},"product_brand":[],"product_cat":[121],"product_tag":[],"class_list":{"0":"post-11404","1":"product","2":"type-product","3":"status-publish","4":"has-post-thumbnail","6":"product_cat-set","8":"first","9":"instock","10":"shipping-taxable","11":"purchasable","12":"product-type-simple"},"_links":{"self":[{"href":"https:\/\/taikalyhty.fi\/en\/wp-json\/wp\/v2\/product\/11404","targetHints":{"allow":["GET"]}}],"collection":[{"href":"https:\/\/taikalyhty.fi\/en\/wp-json\/wp\/v2\/product"}],"about":[{"href":"https:\/\/taikalyhty.fi\/en\/wp-json\/wp\/v2\/types\/product"}],"wp:featuredmedia":[{"embeddable":true,"href":"https:\/\/taikalyhty.fi\/en\/wp-json\/wp\/v2\/media\/11403"}],"wp:attachment":[{"href":"https:\/\/taikalyhty.fi\/en\/wp-json\/wp\/v2\/media?parent=11404"}],"wp:term":[{"taxonomy":"product_brand","embeddable":true,"href":"https:\/\/taikalyhty.fi\/en\/wp-json\/wp\/v2\/product_brand?post=11404"},{"taxonomy":"product_cat","embeddable":true,"href":"https:\/\/taikalyhty.fi\/en\/wp-json\/wp\/v2\/product_cat?post=11404"},{"taxonomy":"product_tag","embeddable":true,"href":"https:\/\/taikalyhty.fi\/en\/wp-json\/wp\/v2\/product_tag?post=11404"}],"curies":[{"name":"wp","href":"https:\/\/api.w.org\/{rel}","templated":true}]}}