{"id":11386,"date":"2024-12-30T15:03:23","date_gmt":"2024-12-30T13:03:23","guid":{"rendered":"https:\/\/taikalyhty.fi\/?post_type=product&#038;p=11386"},"modified":"2025-12-01T09:45:23","modified_gmt":"2025-12-01T07:45:23","slug":"taskuosasto-4x3m","status":"publish","type":"product","link":"https:\/\/taikalyhty.fi\/en\/product\/taskuosasto-4x3m\/","title":{"rendered":"TASKUOSASTO 4 x 3m kalusteineen"},"content":{"rendered":"<p><strong>4x3m=12m2 taskuosasto (3 sein\u00e4\u00e4)<\/strong>\u00a0klassiseen malliin Consta -profiilij\u00e4rjestelm\u00e4ll\u00e4.<\/p>\n<p>Lis\u00e4tilauksena:<\/p>\n<p>Infotiskin etupinnan br\u00e4nd\u00e4ys = 80\u20ac.<br \/>\nEtupinnan ja 1 p\u00e4\u00e4dyn br\u00e4nd\u00e4ys = 125\u20ac.<br \/>\nEtupinnan ja 2 p\u00e4\u00e4dyn br\u00e4nd\u00e4ys\u00a0 = 170\u20ac<\/p>\n<p>&nbsp;<\/p>\n<p>Suosittelemme kulmaosastoon kahta otsalautatulostetta.<\/p>\n<p><strong>HUOM! Tulostusaineistojen DL 24.3.<\/strong><\/p>","protected":false},"excerpt":{"rendered":"<p><strong>3x4m=12m2 kulmaosasto<\/strong>\u00a0klassiseen malliin Consta -profiilij\u00e4rjestelm\u00e4ll\u00e4 sis\u00e4lt\u00e4en:<\/p>\n<ul>\n<li>3+4+3=10 jm messusein\u00e4 (h=2520mm)<\/li>\n<li>4 jm ylivienti<\/li>\n<li>6 x LED -varsivalo tai virtakisko spottivaloilla.<\/li>\n<li>Otsalaudan br\u00e4nd\u00e4ys. Otsalaudan koko 1500x200mm.<\/li>\n<li>Infotiski K15<\/li>\n<li>Pystyp\u00f6yt\u00e4 K22 + 3 x baarijakkara<\/li>\n<li>K40 ZigZag -esiteteline<\/li>\n<li>Harmaa Rewind Flat -matto. Maton v\u00e4rin vaihto lis\u00e4veloituksella 9\u20ac\/m2<\/li>\n<\/ul>\n<p>Kalusteita l\u00f6ytyy eri v\u00e4risin\u00e4 ja mallisina. Voit lis\u00e4t\u00e4 toiveet kassalla tai l\u00e4hett\u00e4\u00e4 ne meilitse osoitteeseen taikalyhty(at)taikalyhty.fi<\/p>\n<p><em>HUOM. Taikalyhty varaa oikeuden vaihtaa kaluste samantyyliseen vastaavaan alkuper\u00e4isen kalusteen varastosaatavuuden loppuessa<\/em><\/p>\n<p><strong>Tilaukset viimeist\u00e4\u00e4n 24.3.!<\/strong><\/p>","protected":false},"featured_media":11382,"template":"","meta":{"_joinchat":[]},"product_brand":[],"product_cat":[75,21],"product_tag":[],"class_list":{"0":"post-11386","1":"product","2":"type-product","3":"status-publish","4":"has-post-thumbnail","6":"product_cat-sote-atk-2026","7":"product_cat-yleinen","9":"first","10":"instock","11":"shipping-taxable","12":"purchasable","13":"product-type-simple"},"_links":{"self":[{"href":"https:\/\/taikalyhty.fi\/en\/wp-json\/wp\/v2\/product\/11386","targetHints":{"allow":["GET"]}}],"collection":[{"href":"https:\/\/taikalyhty.fi\/en\/wp-json\/wp\/v2\/product"}],"about":[{"href":"https:\/\/taikalyhty.fi\/en\/wp-json\/wp\/v2\/types\/product"}],"wp:featuredmedia":[{"embeddable":true,"href":"https:\/\/taikalyhty.fi\/en\/wp-json\/wp\/v2\/media\/11382"}],"wp:attachment":[{"href":"https:\/\/taikalyhty.fi\/en\/wp-json\/wp\/v2\/media?parent=11386"}],"wp:term":[{"taxonomy":"product_brand","embeddable":true,"href":"https:\/\/taikalyhty.fi\/en\/wp-json\/wp\/v2\/product_brand?post=11386"},{"taxonomy":"product_cat","embeddable":true,"href":"https:\/\/taikalyhty.fi\/en\/wp-json\/wp\/v2\/product_cat?post=11386"},{"taxonomy":"product_tag","embeddable":true,"href":"https:\/\/taikalyhty.fi\/en\/wp-json\/wp\/v2\/product_tag?post=11386"}],"curies":[{"name":"wp","href":"https:\/\/api.w.org\/{rel}","templated":true}]}}