{"id":11378,"date":"2024-12-17T14:44:24","date_gmt":"2024-12-17T12:44:24","guid":{"rendered":"https:\/\/taikalyhty.fi\/?post_type=product&#038;p=11378"},"modified":"2024-12-17T15:33:55","modified_gmt":"2024-12-17T13:33:55","slug":"taittopoyta","status":"publish","type":"product","link":"https:\/\/taikalyhty.fi\/en\/product\/taittopoyta\/","title":{"rendered":"Taittop\u00f6yt\u00e4 (10)"},"content":{"rendered":"","protected":false},"excerpt":{"rendered":"<p>Perinteinen muovikannellinen taittojalkap\u00f6yt\u00e4. Helppo kuljettaa ja kasata.<\/p>\n<p>Leveys: 75cm<\/p>\n<p>Pituus: 180cm<\/p>\n<p>Korkeus: 75cm<\/p>","protected":false},"featured_media":11379,"template":"","meta":{"_joinchat":[]},"product_brand":[],"product_cat":[55],"product_tag":[],"class_list":{"0":"post-11378","1":"product","2":"type-product","3":"status-publish","4":"has-post-thumbnail","6":"product_cat-poydat","8":"first","9":"instock","10":"shipping-taxable","11":"purchasable","12":"product-type-simple"},"_links":{"self":[{"href":"https:\/\/taikalyhty.fi\/en\/wp-json\/wp\/v2\/product\/11378","targetHints":{"allow":["GET"]}}],"collection":[{"href":"https:\/\/taikalyhty.fi\/en\/wp-json\/wp\/v2\/product"}],"about":[{"href":"https:\/\/taikalyhty.fi\/en\/wp-json\/wp\/v2\/types\/product"}],"wp:featuredmedia":[{"embeddable":true,"href":"https:\/\/taikalyhty.fi\/en\/wp-json\/wp\/v2\/media\/11379"}],"wp:attachment":[{"href":"https:\/\/taikalyhty.fi\/en\/wp-json\/wp\/v2\/media?parent=11378"}],"wp:term":[{"taxonomy":"product_brand","embeddable":true,"href":"https:\/\/taikalyhty.fi\/en\/wp-json\/wp\/v2\/product_brand?post=11378"},{"taxonomy":"product_cat","embeddable":true,"href":"https:\/\/taikalyhty.fi\/en\/wp-json\/wp\/v2\/product_cat?post=11378"},{"taxonomy":"product_tag","embeddable":true,"href":"https:\/\/taikalyhty.fi\/en\/wp-json\/wp\/v2\/product_tag?post=11378"}],"curies":[{"name":"wp","href":"https:\/\/api.w.org\/{rel}","templated":true}]}}