{"id":11356,"date":"2024-12-09T17:25:12","date_gmt":"2024-12-09T15:25:12","guid":{"rendered":"https:\/\/taikalyhty.fi\/?post_type=product&#038;p=11356"},"modified":"2025-12-05T08:53:07","modified_gmt":"2025-12-05T06:53:07","slug":"tiskin-brandays-etulevysivulevyt-2-kpl","status":"publish","type":"product","link":"https:\/\/taikalyhty.fi\/en\/product\/tiskin-brandays-etulevysivulevyt-2-kpl\/","title":{"rendered":"Tiskin br\u00e4nd\u00e4ys; etulevy+sivulevyt 2 kpl"},"content":{"rendered":"<p>Tiskin br\u00e4nd\u00e4ys; etulevy+ sivulevyt 2 kpl<\/p>\n<p>Etulevyn koko 1030x1000mm<br \/>\nSivulevyt 530x1000mm<\/p>\n<p>Aineistop\u00e4iv\u00e4 <strong> 24.3<\/strong><\/p>\n<p>&nbsp;<\/p>\n<p><a href=\"https:\/\/taikalyhty.fi\/wp-content\/uploads\/2025\/12\/Artwork-quide-for-3x4m-booth-1.pdf\" target=\"_blank\" rel=\"noopener\">Lataa aineisto-ohje (pdf) t\u00e4\u00e4lt\u00e4.<\/a><\/p>","protected":false},"excerpt":{"rendered":"<p><a href=\"https:\/\/taikalyhty.fi\/wp-content\/uploads\/2025\/12\/Artwork-quide-for-3x4m-booth-1.pdf\" target=\"_blank\" rel=\"noopener\">Lataa aineisto-ohje (pdf) t\u00e4\u00e4lt\u00e4.<\/a><\/p>","protected":false},"featured_media":11357,"template":"","meta":{"_joinchat":[]},"product_brand":[],"product_cat":[75,21],"product_tag":[],"class_list":{"0":"post-11356","1":"product","2":"type-product","3":"status-publish","4":"has-post-thumbnail","6":"product_cat-sote-atk-2026","7":"product_cat-yleinen","9":"first","10":"instock","11":"shipping-taxable","12":"purchasable","13":"product-type-simple"},"_links":{"self":[{"href":"https:\/\/taikalyhty.fi\/en\/wp-json\/wp\/v2\/product\/11356","targetHints":{"allow":["GET"]}}],"collection":[{"href":"https:\/\/taikalyhty.fi\/en\/wp-json\/wp\/v2\/product"}],"about":[{"href":"https:\/\/taikalyhty.fi\/en\/wp-json\/wp\/v2\/types\/product"}],"wp:featuredmedia":[{"embeddable":true,"href":"https:\/\/taikalyhty.fi\/en\/wp-json\/wp\/v2\/media\/11357"}],"wp:attachment":[{"href":"https:\/\/taikalyhty.fi\/en\/wp-json\/wp\/v2\/media?parent=11356"}],"wp:term":[{"taxonomy":"product_brand","embeddable":true,"href":"https:\/\/taikalyhty.fi\/en\/wp-json\/wp\/v2\/product_brand?post=11356"},{"taxonomy":"product_cat","embeddable":true,"href":"https:\/\/taikalyhty.fi\/en\/wp-json\/wp\/v2\/product_cat?post=11356"},{"taxonomy":"product_tag","embeddable":true,"href":"https:\/\/taikalyhty.fi\/en\/wp-json\/wp\/v2\/product_tag?post=11356"}],"curies":[{"name":"wp","href":"https:\/\/api.w.org\/{rel}","templated":true}]}}