{"id":11352,"date":"2024-12-09T17:19:53","date_gmt":"2024-12-09T15:19:53","guid":{"rendered":"https:\/\/taikalyhty.fi\/?post_type=product&#038;p=11352"},"modified":"2025-12-01T09:44:51","modified_gmt":"2025-12-01T07:44:51","slug":"tiskin-etusivun-brandays","status":"publish","type":"product","link":"https:\/\/taikalyhty.fi\/en\/product\/tiskin-etusivun-brandays\/","title":{"rendered":"Branding of desk front"},"content":{"rendered":"<p>Tiskin etusivun br\u00e4nd\u00e4ys.<\/p>\n<p>Etulevyn aineiston koko 1030x1000mm.<\/p>\n<p>Aineistop\u00e4iv\u00e4<strong> 23.4.<\/strong><\/p>","protected":false},"excerpt":{"rendered":"<p>Tiskin etusivun br\u00e4nd\u00e4ys. Etulevyn aineiston koko 1030x1000mm. Aineistop\u00e4iv\u00e4 23.4.<\/p>","protected":false},"featured_media":11354,"template":"","meta":{"_joinchat":[]},"product_brand":[],"product_cat":[75],"product_tag":[],"class_list":{"0":"post-11352","1":"product","2":"type-product","3":"status-publish","4":"has-post-thumbnail","6":"product_cat-sote-atk-2026","8":"first","9":"instock","10":"shipping-taxable","11":"purchasable","12":"product-type-simple"},"_links":{"self":[{"href":"https:\/\/taikalyhty.fi\/en\/wp-json\/wp\/v2\/product\/11352","targetHints":{"allow":["GET"]}}],"collection":[{"href":"https:\/\/taikalyhty.fi\/en\/wp-json\/wp\/v2\/product"}],"about":[{"href":"https:\/\/taikalyhty.fi\/en\/wp-json\/wp\/v2\/types\/product"}],"wp:featuredmedia":[{"embeddable":true,"href":"https:\/\/taikalyhty.fi\/en\/wp-json\/wp\/v2\/media\/11354"}],"wp:attachment":[{"href":"https:\/\/taikalyhty.fi\/en\/wp-json\/wp\/v2\/media?parent=11352"}],"wp:term":[{"taxonomy":"product_brand","embeddable":true,"href":"https:\/\/taikalyhty.fi\/en\/wp-json\/wp\/v2\/product_brand?post=11352"},{"taxonomy":"product_cat","embeddable":true,"href":"https:\/\/taikalyhty.fi\/en\/wp-json\/wp\/v2\/product_cat?post=11352"},{"taxonomy":"product_tag","embeddable":true,"href":"https:\/\/taikalyhty.fi\/en\/wp-json\/wp\/v2\/product_tag?post=11352"}],"curies":[{"name":"wp","href":"https:\/\/api.w.org\/{rel}","templated":true}]}}