{"id":11343,"date":"2024-12-09T15:22:57","date_gmt":"2024-12-09T13:22:57","guid":{"rendered":"https:\/\/taikalyhty.fi\/?post_type=product&#038;p=11343"},"modified":"2025-12-05T08:55:46","modified_gmt":"2025-12-05T06:55:46","slug":"kulmaosasto-4-x-3-m-yksi-brandatty-seina","status":"publish","type":"product","link":"https:\/\/taikalyhty.fi\/en\/product\/kulmaosasto-4-x-3-m-yksi-brandatty-seina\/","title":{"rendered":"KULMAOSASTO 4 x 3 m: yksi br\u00e4nd\u00e4tty sein\u00e4"},"content":{"rendered":"<p><strong>3x4m=12m2 kulmaosasto<\/strong>\u00a0klassiseen malliin Consta -profiilij\u00e4rjestelm\u00e4ll\u00e4.<\/p>\n<p>Lis\u00e4tilauksena:<\/p>\n<p>Infotiskin etupinnan br\u00e4nd\u00e4ys = 80\u20ac.<br \/>\nEtupinnan ja 1 p\u00e4\u00e4dyn br\u00e4nd\u00e4ys = 125\u20ac.<br \/>\nEtupinnan ja 2 p\u00e4\u00e4dyn br\u00e4nd\u00e4ys\u00a0 = 170\u20ac.<\/p>\n<p>HUOM! Tulostusaineistojen DL 24.3.<\/p>\n<p>Sein\u00e4kankaan saat halutessasi mukaan tapahtuman j\u00e4lkeen ilman lis\u00e4veloitusta.<\/p>\n<p>Aineistokoot:<\/p>\n<p>Sivusein\u00e4 3m:\u00a0 3000x2500mm<\/p>\n<p>Sivusein\u00e4 4m: 4000x2500mm<\/p>\n<p>Tiskin etulevy: 1030x1000mm<\/p>\n<p>Tiskin sivulevy: 530x1000mm<\/p>\n<p>Aineisto-ohje l\u00f6ytyy kuvagalleriasta.<\/p>","protected":false},"excerpt":{"rendered":"<p><strong>4x3m=12m2 kulmaosasto<\/strong>\u00a0klassiseen malliin Consta -profiilij\u00e4rjestelm\u00e4ll\u00e4 sis\u00e4lt\u00e4en:<\/p>\n<ul>\n<li>3+4 jm messusein\u00e4 (h=2520mm)<\/li>\n<li>Decotex -kangastuloste 4000x2500mm yhdell\u00e4 sein\u00e4ll\u00e4<\/li>\n<li>3+4 jm ylivienti<\/li>\n<li>5 x LED -varsivalo tai virtakisko spottivaloilla.<\/li>\n<li>Otsalaudan br\u00e4nd\u00e4ys 2kpl. Otsalaudan koko 1500x200mm.<\/li>\n<li>Infotiski K15<\/li>\n<li>Pystyp\u00f6yt\u00e4 K22 + 3 x baarijakkara<\/li>\n<li>K40 ZigZag -esiteteline<\/li>\n<li>Harmaa Rewind Flat -matto (maton v\u00e4rin vaihto lis\u00e4veloituksella 9\u20ac\/m2)<\/li>\n<\/ul>\n<p>Kalusteita l\u00f6ytyy eri v\u00e4risin\u00e4 ja mallisina. Voit lis\u00e4t\u00e4 toiveet kassalla tai l\u00e4hett\u00e4\u00e4 ne s\u00e4hk\u00f6postitse osoitteeseen taikalyhty(at)taikalyhty.fi<\/p>\n<p>Tilaukset viimeist\u00e4\u00e4n DL 24.3.!<\/p>\n<p><em>HUOM. Taikalyhty varaa oikeuden vaihtaa kaluste samantyyliseen vastaavaan alkuper\u00e4isen kalusteen varastosaatavuuden loppuessa<\/em><\/p>","protected":false},"featured_media":11346,"template":"","meta":{"_joinchat":[]},"product_brand":[],"product_cat":[75,21],"product_tag":[],"class_list":{"0":"post-11343","1":"product","2":"type-product","3":"status-publish","4":"has-post-thumbnail","6":"product_cat-sote-atk-2026","7":"product_cat-yleinen","9":"first","10":"instock","11":"shipping-taxable","12":"purchasable","13":"product-type-simple"},"_links":{"self":[{"href":"https:\/\/taikalyhty.fi\/en\/wp-json\/wp\/v2\/product\/11343","targetHints":{"allow":["GET"]}}],"collection":[{"href":"https:\/\/taikalyhty.fi\/en\/wp-json\/wp\/v2\/product"}],"about":[{"href":"https:\/\/taikalyhty.fi\/en\/wp-json\/wp\/v2\/types\/product"}],"wp:featuredmedia":[{"embeddable":true,"href":"https:\/\/taikalyhty.fi\/en\/wp-json\/wp\/v2\/media\/11346"}],"wp:attachment":[{"href":"https:\/\/taikalyhty.fi\/en\/wp-json\/wp\/v2\/media?parent=11343"}],"wp:term":[{"taxonomy":"product_brand","embeddable":true,"href":"https:\/\/taikalyhty.fi\/en\/wp-json\/wp\/v2\/product_brand?post=11343"},{"taxonomy":"product_cat","embeddable":true,"href":"https:\/\/taikalyhty.fi\/en\/wp-json\/wp\/v2\/product_cat?post=11343"},{"taxonomy":"product_tag","embeddable":true,"href":"https:\/\/taikalyhty.fi\/en\/wp-json\/wp\/v2\/product_tag?post=11343"}],"curies":[{"name":"wp","href":"https:\/\/api.w.org\/{rel}","templated":true}]}}