{"id":11331,"date":"2024-12-03T09:28:37","date_gmt":"2024-12-03T07:28:37","guid":{"rendered":"https:\/\/taikalyhty.fi\/?post_type=product&#038;p=11331"},"modified":"2024-12-03T09:35:10","modified_gmt":"2024-12-03T07:35:10","slug":"miura-plank-5","status":"publish","type":"product","link":"https:\/\/taikalyhty.fi\/en\/product\/miura-plank-5\/","title":{"rendered":"Miura Plank (5)"},"content":{"rendered":"","protected":false},"excerpt":{"rendered":"<p>Kokoontaitettava, \u00e4\u00e4rimm\u00e4isen laadukas baarip\u00f6yt\u00e4 kokovalkoisena.<\/p>\n<p>Kannen halkaisija = 60cm.<\/p>","protected":false},"featured_media":11332,"template":"","meta":{"_joinchat":[]},"product_brand":[],"product_cat":[56],"product_tag":[],"class_list":{"0":"post-11331","1":"product","2":"type-product","3":"status-publish","4":"has-post-thumbnail","6":"product_cat-baaripoydat","8":"first","9":"instock","10":"shipping-taxable","11":"purchasable","12":"product-type-simple"},"_links":{"self":[{"href":"https:\/\/taikalyhty.fi\/en\/wp-json\/wp\/v2\/product\/11331","targetHints":{"allow":["GET"]}}],"collection":[{"href":"https:\/\/taikalyhty.fi\/en\/wp-json\/wp\/v2\/product"}],"about":[{"href":"https:\/\/taikalyhty.fi\/en\/wp-json\/wp\/v2\/types\/product"}],"wp:featuredmedia":[{"embeddable":true,"href":"https:\/\/taikalyhty.fi\/en\/wp-json\/wp\/v2\/media\/11332"}],"wp:attachment":[{"href":"https:\/\/taikalyhty.fi\/en\/wp-json\/wp\/v2\/media?parent=11331"}],"wp:term":[{"taxonomy":"product_brand","embeddable":true,"href":"https:\/\/taikalyhty.fi\/en\/wp-json\/wp\/v2\/product_brand?post=11331"},{"taxonomy":"product_cat","embeddable":true,"href":"https:\/\/taikalyhty.fi\/en\/wp-json\/wp\/v2\/product_cat?post=11331"},{"taxonomy":"product_tag","embeddable":true,"href":"https:\/\/taikalyhty.fi\/en\/wp-json\/wp\/v2\/product_tag?post=11331"}],"curies":[{"name":"wp","href":"https:\/\/api.w.org\/{rel}","templated":true}]}}