{"id":11255,"date":"2024-08-27T13:02:29","date_gmt":"2024-08-27T10:02:29","guid":{"rendered":"https:\/\/taikalyhty.fi\/?post_type=product&#038;p=11255"},"modified":"2024-08-27T13:04:05","modified_gmt":"2024-08-27T10:04:05","slug":"sohva-scandi","status":"publish","type":"product","link":"https:\/\/taikalyhty.fi\/en\/product\/sohva-scandi\/","title":{"rendered":"Sohva Scandi (4)"},"content":{"rendered":"","protected":false},"excerpt":{"rendered":"<p>L170 x K82 x S81 cm<\/p>\n<p>Mukava 2,5 istuttava kangassohva puisilla jaloilla. Rakenna oma istuinryhm\u00e4si yhdistelem\u00e4ll\u00e4 t\u00e4t\u00e4 sohvaa my\u00f6s muihin Scandi -tuotteisiimme, kuten nojatuoleihin ja sohvap\u00f6ytiin.<\/p>","protected":false},"featured_media":11256,"template":"","meta":{"_joinchat":[]},"product_brand":[],"product_cat":[91],"product_tag":[],"class_list":{"0":"post-11255","1":"product","2":"type-product","3":"status-publish","4":"has-post-thumbnail","6":"product_cat-tuolit","8":"first","9":"instock","10":"shipping-taxable","11":"purchasable","12":"product-type-simple"},"_links":{"self":[{"href":"https:\/\/taikalyhty.fi\/en\/wp-json\/wp\/v2\/product\/11255","targetHints":{"allow":["GET"]}}],"collection":[{"href":"https:\/\/taikalyhty.fi\/en\/wp-json\/wp\/v2\/product"}],"about":[{"href":"https:\/\/taikalyhty.fi\/en\/wp-json\/wp\/v2\/types\/product"}],"wp:featuredmedia":[{"embeddable":true,"href":"https:\/\/taikalyhty.fi\/en\/wp-json\/wp\/v2\/media\/11256"}],"wp:attachment":[{"href":"https:\/\/taikalyhty.fi\/en\/wp-json\/wp\/v2\/media?parent=11255"}],"wp:term":[{"taxonomy":"product_brand","embeddable":true,"href":"https:\/\/taikalyhty.fi\/en\/wp-json\/wp\/v2\/product_brand?post=11255"},{"taxonomy":"product_cat","embeddable":true,"href":"https:\/\/taikalyhty.fi\/en\/wp-json\/wp\/v2\/product_cat?post=11255"},{"taxonomy":"product_tag","embeddable":true,"href":"https:\/\/taikalyhty.fi\/en\/wp-json\/wp\/v2\/product_tag?post=11255"}],"curies":[{"name":"wp","href":"https:\/\/api.w.org\/{rel}","templated":true}]}}