{"id":11248,"date":"2024-08-27T09:26:52","date_gmt":"2024-08-27T06:26:52","guid":{"rendered":"https:\/\/taikalyhty.fi\/?post_type=product&#038;p=11248"},"modified":"2024-08-27T09:30:20","modified_gmt":"2024-08-27T06:30:20","slug":"tiskin-brandays","status":"publish","type":"product","link":"https:\/\/taikalyhty.fi\/en\/product\/tiskin-brandays\/","title":{"rendered":"Tiskin br\u00e4nd\u00e4ys"},"content":{"rendered":"","protected":false},"excerpt":{"rendered":"<p>Tiskeihimme ja liukuovikaappeihin lis\u00e4kustannuksesta br\u00e4nd\u00e4ys. Br\u00e4nd\u00e4ys tapahtuu pinta-asentamalla profiilirakenteen p\u00e4\u00e4lle rakenteen peitt\u00e4v\u00e4 viscom -levy.<\/p>\n<ul>\n<li>Etulevyn br\u00e4nd\u00e4ys = 70 \u20ac<\/li>\n<li>P\u00e4\u00e4tyjen br\u00e4nd\u00e4ys = 35 \u20ac \/ p\u00e4\u00e4ty<\/li>\n<\/ul>\n<p>MUISTA TILATA ITSE TISKI ERIKSEEN.<\/p>","protected":false},"featured_media":11179,"template":"","meta":{"_joinchat":[]},"product_brand":[],"product_cat":[58],"product_tag":[],"class_list":{"0":"post-11248","1":"product","2":"type-product","3":"status-publish","4":"has-post-thumbnail","6":"product_cat-liukuovikaapit-ja-tiskit","8":"first","9":"instock","10":"shipping-taxable","11":"purchasable","12":"product-type-simple"},"_links":{"self":[{"href":"https:\/\/taikalyhty.fi\/en\/wp-json\/wp\/v2\/product\/11248","targetHints":{"allow":["GET"]}}],"collection":[{"href":"https:\/\/taikalyhty.fi\/en\/wp-json\/wp\/v2\/product"}],"about":[{"href":"https:\/\/taikalyhty.fi\/en\/wp-json\/wp\/v2\/types\/product"}],"wp:featuredmedia":[{"embeddable":true,"href":"https:\/\/taikalyhty.fi\/en\/wp-json\/wp\/v2\/media\/11179"}],"wp:attachment":[{"href":"https:\/\/taikalyhty.fi\/en\/wp-json\/wp\/v2\/media?parent=11248"}],"wp:term":[{"taxonomy":"product_brand","embeddable":true,"href":"https:\/\/taikalyhty.fi\/en\/wp-json\/wp\/v2\/product_brand?post=11248"},{"taxonomy":"product_cat","embeddable":true,"href":"https:\/\/taikalyhty.fi\/en\/wp-json\/wp\/v2\/product_cat?post=11248"},{"taxonomy":"product_tag","embeddable":true,"href":"https:\/\/taikalyhty.fi\/en\/wp-json\/wp\/v2\/product_tag?post=11248"}],"curies":[{"name":"wp","href":"https:\/\/api.w.org\/{rel}","templated":true}]}}