{"id":11236,"date":"2024-08-16T15:08:45","date_gmt":"2024-08-16T12:08:45","guid":{"rendered":"https:\/\/taikalyhty.fi\/?post_type=product&#038;p=11236"},"modified":"2024-11-28T09:57:00","modified_gmt":"2024-11-28T07:57:00","slug":"liukuovikaappi-k10-taysvalkoinen","status":"publish","type":"product","link":"https:\/\/taikalyhty.fi\/en\/product\/liukuovikaappi-k10-taysvalkoinen\/","title":{"rendered":"Liukuovikaappi, K10, T\u00e4ysvalkoinen"},"content":{"rendered":"<p>Liukuovikaappi, alumiiniprofiilirunkoinen kaappi, korkeus 100 cm, leveys 103 cm, syvyys 53 cm, perustoimitus: kansi: valkea melamiinipintainen p\u00e4\u00e4llikansi, koko 56&#215;106 cm, etulevyn n\u00e4kyv\u00e4 osa&#8221;; tila johon voi kiinnitt\u00e4\u00e4 julisteen tai teipata logon \/ teksti\u00e4, korkeus 89 cm,leveys 97 cm. kylkilevyjen &#8221;n\u00e4kyv\u00e4 osa&#8221;, korkeus 89 cm, leveys 47 cm, kaapissa ei ole v\u00e4lihylly\u00e4 eik\u00e4 pohjalevy\u00e4, ruuvattavat s\u00e4\u00e4t\u00f6jalat<\/p>\n<p>Tiskin etupinta mahdollista br\u00e4nd\u00e4t\u00e4 lis\u00e4maksusta 70 \u20ac. P\u00e4\u00e4dyt 40 \u20ac \/ kpl.<\/p>","protected":false},"excerpt":{"rendered":"<p>Liukuovikaappi, alumiiniprofiilirunkoinen kaappi, korkeus 100 cm, leveys 103 cm, syvyys 53 cm, perustoimitus: kansi: valkea melamiinipintainen p\u00e4\u00e4llikansi, koko 56&#215;106 cm, etulevyn n\u00e4kyv\u00e4 osa&#8221;; tila johon voi kiinnitt\u00e4\u00e4 julisteen tai teipata logon \/ teksti\u00e4, korkeus 89 cm,leveys 97 cm. kylkilevyjen &#8221;n\u00e4kyv\u00e4 osa&#8221;, korkeus 89 cm, leveys 47 cm, kaapissa ei ole v\u00e4lihylly\u00e4 eik\u00e4 pohjalevy\u00e4, ruuvattavat s\u00e4\u00e4t\u00f6jalat<\/p>\n<p>Tiskin etupinta mahdollista br\u00e4nd\u00e4t\u00e4 lis\u00e4maksusta 70 \u20ac. P\u00e4\u00e4dyt 40 \u20ac \/ kpl.<\/p>\n<p>HUOM. kysy my\u00f6s muun v\u00e4risi\u00e4 ja kuosisia kansia!<\/p>\n<p>&nbsp;<\/p>","protected":false},"featured_media":11240,"template":"","meta":{"_joinchat":[]},"product_brand":[],"product_cat":[58,42],"product_tag":[],"class_list":{"0":"post-11236","1":"product","2":"type-product","3":"status-publish","4":"has-post-thumbnail","6":"product_cat-liukuovikaapit-ja-tiskit","7":"product_cat-perustuotteet-messuille","9":"first","10":"instock","11":"shipping-taxable","12":"purchasable","13":"product-type-simple"},"_links":{"self":[{"href":"https:\/\/taikalyhty.fi\/en\/wp-json\/wp\/v2\/product\/11236","targetHints":{"allow":["GET"]}}],"collection":[{"href":"https:\/\/taikalyhty.fi\/en\/wp-json\/wp\/v2\/product"}],"about":[{"href":"https:\/\/taikalyhty.fi\/en\/wp-json\/wp\/v2\/types\/product"}],"wp:featuredmedia":[{"embeddable":true,"href":"https:\/\/taikalyhty.fi\/en\/wp-json\/wp\/v2\/media\/11240"}],"wp:attachment":[{"href":"https:\/\/taikalyhty.fi\/en\/wp-json\/wp\/v2\/media?parent=11236"}],"wp:term":[{"taxonomy":"product_brand","embeddable":true,"href":"https:\/\/taikalyhty.fi\/en\/wp-json\/wp\/v2\/product_brand?post=11236"},{"taxonomy":"product_cat","embeddable":true,"href":"https:\/\/taikalyhty.fi\/en\/wp-json\/wp\/v2\/product_cat?post=11236"},{"taxonomy":"product_tag","embeddable":true,"href":"https:\/\/taikalyhty.fi\/en\/wp-json\/wp\/v2\/product_tag?post=11236"}],"curies":[{"name":"wp","href":"https:\/\/api.w.org\/{rel}","templated":true}]}}