{"id":11225,"date":"2024-08-11T10:53:15","date_gmt":"2024-08-11T07:53:15","guid":{"rendered":"https:\/\/taikalyhty.fi\/?post_type=product&#038;p=11225"},"modified":"2024-08-11T10:53:15","modified_gmt":"2024-08-11T07:53:15","slug":"onnenpyora-lattiajalalla","status":"publish","type":"product","link":"https:\/\/taikalyhty.fi\/en\/product\/onnenpyora-lattiajalalla\/","title":{"rendered":"Onnenpy\u00f6r\u00e4 lattiajalalla"},"content":{"rendered":"","protected":false},"excerpt":{"rendered":"<p>Eri kokoisia. Mahdollista lis\u00e4t\u00e4 p\u00e4\u00e4llipleksi, johon voi kirjoittaa \/ piirt\u00e4\u00e4 taulutussilla omat slotit.<\/p>\n<p>Onnenpy\u00f6r\u00e4n levyn br\u00e4nd\u00e4\u00e4minen teippaamalla kiekko +80 \u20ac<\/p>","protected":false},"featured_media":11226,"template":"","meta":{"_joinchat":[]},"product_brand":[],"product_cat":[97],"product_tag":[],"class_list":{"0":"post-11225","1":"product","2":"type-product","3":"status-publish","4":"has-post-thumbnail","6":"product_cat-onnenpyorat","8":"first","9":"instock","10":"shipping-taxable","11":"purchasable","12":"product-type-simple"},"_links":{"self":[{"href":"https:\/\/taikalyhty.fi\/en\/wp-json\/wp\/v2\/product\/11225","targetHints":{"allow":["GET"]}}],"collection":[{"href":"https:\/\/taikalyhty.fi\/en\/wp-json\/wp\/v2\/product"}],"about":[{"href":"https:\/\/taikalyhty.fi\/en\/wp-json\/wp\/v2\/types\/product"}],"wp:featuredmedia":[{"embeddable":true,"href":"https:\/\/taikalyhty.fi\/en\/wp-json\/wp\/v2\/media\/11226"}],"wp:attachment":[{"href":"https:\/\/taikalyhty.fi\/en\/wp-json\/wp\/v2\/media?parent=11225"}],"wp:term":[{"taxonomy":"product_brand","embeddable":true,"href":"https:\/\/taikalyhty.fi\/en\/wp-json\/wp\/v2\/product_brand?post=11225"},{"taxonomy":"product_cat","embeddable":true,"href":"https:\/\/taikalyhty.fi\/en\/wp-json\/wp\/v2\/product_cat?post=11225"},{"taxonomy":"product_tag","embeddable":true,"href":"https:\/\/taikalyhty.fi\/en\/wp-json\/wp\/v2\/product_tag?post=11225"}],"curies":[{"name":"wp","href":"https:\/\/api.w.org\/{rel}","templated":true}]}}