{"id":11206,"date":"2024-06-24T15:06:48","date_gmt":"2024-06-24T12:06:48","guid":{"rendered":"https:\/\/taikalyhty.fi\/?post_type=product&#038;p=11206"},"modified":"2024-06-24T15:26:13","modified_gmt":"2024-06-24T12:26:13","slug":"lediseina-4k","status":"publish","type":"product","link":"https:\/\/taikalyhty.fi\/en\/product\/lediseina-4k\/","title":{"rendered":"LED wall 4K (QUOTED UPON REQUEST)"},"content":{"rendered":"","protected":false},"excerpt":{"rendered":"<p>TUOTE HINNOITELLAAN TAPAUSKOHTAISESTI &#8211; KYSY ROHKEASTI TARJOUSTA<\/p>\n<p>Taikalyhdyn ledisein\u00e4 500 x 1000mm paneleista soveltuu n\u00e4pp\u00e4r\u00e4sti tarpeeseen kuin tarpeeseen. Kokonaisuus voidaan ripustaa tai asentaa sein\u00e4\u00e4n.<\/p>\n<p>Ter\u00e4v\u00e4 4K kuvanlaatu takaa n\u00e4ytt\u00e4v\u00e4n lopputuloksen.<\/p>\n<p><a href=\"https:\/\/www.youtube.com\/watch?v=jlexBctIxLg\" target=\"_blank\" rel=\"noopener\">Katso t\u00e4st\u00e4 video<\/a> n\u00e4ytt\u00f6sein\u00e4n testiajosta.<\/p>\n<p>&nbsp;<\/p>\n<p>&nbsp;<\/p>\n<p>&nbsp;<\/p>","protected":false},"featured_media":11207,"template":"","meta":{"_joinchat":[]},"product_brand":[],"product_cat":[63,108],"product_tag":[],"class_list":{"0":"post-11206","1":"product","2":"type-product","3":"status-publish","4":"has-post-thumbnail","6":"product_cat-screenit-projektorit","7":"product_cat-videoseinat","9":"first","10":"instock","11":"shipping-taxable","12":"product-type-simple"},"_links":{"self":[{"href":"https:\/\/taikalyhty.fi\/en\/wp-json\/wp\/v2\/product\/11206","targetHints":{"allow":["GET"]}}],"collection":[{"href":"https:\/\/taikalyhty.fi\/en\/wp-json\/wp\/v2\/product"}],"about":[{"href":"https:\/\/taikalyhty.fi\/en\/wp-json\/wp\/v2\/types\/product"}],"wp:featuredmedia":[{"embeddable":true,"href":"https:\/\/taikalyhty.fi\/en\/wp-json\/wp\/v2\/media\/11207"}],"wp:attachment":[{"href":"https:\/\/taikalyhty.fi\/en\/wp-json\/wp\/v2\/media?parent=11206"}],"wp:term":[{"taxonomy":"product_brand","embeddable":true,"href":"https:\/\/taikalyhty.fi\/en\/wp-json\/wp\/v2\/product_brand?post=11206"},{"taxonomy":"product_cat","embeddable":true,"href":"https:\/\/taikalyhty.fi\/en\/wp-json\/wp\/v2\/product_cat?post=11206"},{"taxonomy":"product_tag","embeddable":true,"href":"https:\/\/taikalyhty.fi\/en\/wp-json\/wp\/v2\/product_tag?post=11206"}],"curies":[{"name":"wp","href":"https:\/\/api.w.org\/{rel}","templated":true}]}}