{"id":11189,"date":"2024-05-10T11:21:47","date_gmt":"2024-05-10T08:21:47","guid":{"rendered":"https:\/\/taikalyhty.fi\/?post_type=product&#038;p=11189"},"modified":"2026-02-20T15:36:02","modified_gmt":"2026-02-20T13:36:02","slug":"otsalautalogo-pirkanmaan-taloyhtiopaivat","status":"publish","type":"product","link":"https:\/\/taikalyhty.fi\/en\/product\/otsalautalogo-pirkanmaan-taloyhtiopaivat\/","title":{"rendered":"Otsalautalogo, Pirkanmaan Taloyhti\u00f6p\u00e4iv\u00e4t"},"content":{"rendered":"<p>Osastovaraukseen kuuluvat elementit ja kalusteet:<\/p>\n<p>\u2022 Infotiski 103x53cm, korkeus 100cm TAI VAIHTOEHTOISESTI 1 baarip\u00f6yt\u00e4 ja 2 baarituolia<br \/>\n\u2022 S\u00e4hk\u00f6nsy\u00f6tt\u00f6<br \/>\n\u2022 Takasein\u00e4t, korkeus 250cm<br \/>\n\u2022 Sivusein\u00e4t 1m, korkeus 2,5m. Kulmaosastoissa 1 sein\u00e4 naapuriosastoon p\u00e4in.<br \/>\n\u2022 Yl\u00e4vaakaprofiili. Kulmaosastossa kaareva yl\u00e4vaaka<br \/>\n\u2022 Harmaa huopamatto<br \/>\n\u2022 1-2 kpl led-varsivalaisinta<\/p>\n<p>Aineistop\u00e4iv\u00e4 9.10.<\/p>\n<p><img fetchpriority=\"high\" decoding=\"async\" class=\"alignnone size-medium wp-image-11181\" src=\"https:\/\/taikalyhty.fi\/wp-content\/uploads\/2024\/05\/Otsalauta-3x2-1-300x169.jpg\" alt=\"\" width=\"300\" height=\"169\" srcset=\"https:\/\/taikalyhty.fi\/wp-content\/uploads\/2024\/05\/Otsalauta-3x2-1-300x169.jpg 300w, https:\/\/taikalyhty.fi\/wp-content\/uploads\/2024\/05\/Otsalauta-3x2-1-1024x576.jpg 1024w, https:\/\/taikalyhty.fi\/wp-content\/uploads\/2024\/05\/Otsalauta-3x2-1-150x84.jpg 150w, https:\/\/taikalyhty.fi\/wp-content\/uploads\/2024\/05\/Otsalauta-3x2-1-768x432.jpg 768w, https:\/\/taikalyhty.fi\/wp-content\/uploads\/2024\/05\/Otsalauta-3x2-1-1536x864.jpg 1536w, https:\/\/taikalyhty.fi\/wp-content\/uploads\/2024\/05\/Otsalauta-3x2-1-2048x1152.jpg 2048w, https:\/\/taikalyhty.fi\/wp-content\/uploads\/2024\/05\/Otsalauta-3x2-1-18x10.jpg 18w, https:\/\/taikalyhty.fi\/wp-content\/uploads\/2024\/05\/Otsalauta-3x2-1-400x225.jpg 400w\" sizes=\"(max-width: 300px) 100vw, 300px\" \/><\/p>","protected":false},"excerpt":{"rendered":"<p>Otsalautalogo, hinta 60\u20ac<\/p>\n<p>Asiakkaan omasta logoaineistosta.<\/p>","protected":false},"featured_media":11181,"template":"","meta":{"_joinchat":[]},"product_brand":[],"product_cat":[120],"product_tag":[],"class_list":{"0":"post-11189","1":"product","2":"type-product","3":"status-publish","4":"has-post-thumbnail","6":"product_cat-pirkanmaan-taloyhtiopaiva-2025","8":"first","9":"instock","10":"shipping-taxable","11":"purchasable","12":"product-type-simple"},"_links":{"self":[{"href":"https:\/\/taikalyhty.fi\/en\/wp-json\/wp\/v2\/product\/11189","targetHints":{"allow":["GET"]}}],"collection":[{"href":"https:\/\/taikalyhty.fi\/en\/wp-json\/wp\/v2\/product"}],"about":[{"href":"https:\/\/taikalyhty.fi\/en\/wp-json\/wp\/v2\/types\/product"}],"wp:featuredmedia":[{"embeddable":true,"href":"https:\/\/taikalyhty.fi\/en\/wp-json\/wp\/v2\/media\/11181"}],"wp:attachment":[{"href":"https:\/\/taikalyhty.fi\/en\/wp-json\/wp\/v2\/media?parent=11189"}],"wp:term":[{"taxonomy":"product_brand","embeddable":true,"href":"https:\/\/taikalyhty.fi\/en\/wp-json\/wp\/v2\/product_brand?post=11189"},{"taxonomy":"product_cat","embeddable":true,"href":"https:\/\/taikalyhty.fi\/en\/wp-json\/wp\/v2\/product_cat?post=11189"},{"taxonomy":"product_tag","embeddable":true,"href":"https:\/\/taikalyhty.fi\/en\/wp-json\/wp\/v2\/product_tag?post=11189"}],"curies":[{"name":"wp","href":"https:\/\/api.w.org\/{rel}","templated":true}]}}