{"id":11186,"date":"2024-05-10T11:09:19","date_gmt":"2024-05-10T08:09:19","guid":{"rendered":"https:\/\/taikalyhty.fi\/?post_type=product&#038;p=11186"},"modified":"2026-02-20T15:35:34","modified_gmt":"2026-02-20T13:35:34","slug":"tiskin-etulevyn-brandays-pirkanmaan-taloyhtiopaivat","status":"publish","type":"product","link":"https:\/\/taikalyhty.fi\/en\/product\/tiskin-etulevyn-brandays-pirkanmaan-taloyhtiopaivat\/","title":{"rendered":"Tiskin etulevyn br\u00e4nd\u00e4ys, Pirkanmaan Taloyhti\u00f6p\u00e4iv\u00e4t"},"content":{"rendered":"<p>Osastovaraukseen kuuluvat elementit ja kalusteet:<\/p>\n<p>\u2022 Infotiski 103x53cm, korkeus 100cm TAI VAIHTOEHTOISESTI 1 baarip\u00f6yt\u00e4 ja 2 baarituolia<br \/>\n\u2022 S\u00e4hk\u00f6nsy\u00f6tt\u00f6<br \/>\n\u2022 Takasein\u00e4t, korkeus 250cm<br \/>\n\u2022 Sivusein\u00e4t 1m, korkeus 2,5m. Kulmaosastoissa 1 sein\u00e4 naapuriosastoon p\u00e4in.<br \/>\n\u2022 Yl\u00e4vaakaprofiili. Kulmaosastossa kaareva yl\u00e4vaaka<br \/>\n\u2022 Harmaa huopamatto<br \/>\n\u2022 1-2 kpl led-varsivalaisinta<\/p>\n<p>&nbsp;<\/p>","protected":false},"excerpt":{"rendered":"<p>Hinta: 80\u20ac<\/p>\n<p>Koko: 1030x1000mm<\/p>\n<p>Tulostus asiakkaan toimittamasta tiedostosta. Hinta ei sis\u00e4ll\u00e4 graafista suunnittelua.<\/p>\n<p>Aineistop\u00e4iv\u00e4 9.10.<\/p>\n<p><img fetchpriority=\"high\" decoding=\"async\" class=\"alignnone size-medium wp-image-10923\" src=\"https:\/\/taikalyhty.fi\/wp-content\/uploads\/2023\/12\/PAINO-OHJE-2023-195x300.png\" alt=\"\" width=\"195\" height=\"300\" srcset=\"https:\/\/taikalyhty.fi\/wp-content\/uploads\/2023\/12\/PAINO-OHJE-2023-195x300.png 195w, https:\/\/taikalyhty.fi\/wp-content\/uploads\/2023\/12\/PAINO-OHJE-2023-667x1024.png 667w, https:\/\/taikalyhty.fi\/wp-content\/uploads\/2023\/12\/PAINO-OHJE-2023-98x150.png 98w, https:\/\/taikalyhty.fi\/wp-content\/uploads\/2023\/12\/PAINO-OHJE-2023-768x1180.png 768w, https:\/\/taikalyhty.fi\/wp-content\/uploads\/2023\/12\/PAINO-OHJE-2023-1000x1536.png 1000w, https:\/\/taikalyhty.fi\/wp-content\/uploads\/2023\/12\/PAINO-OHJE-2023-1333x2048.png 1333w, https:\/\/taikalyhty.fi\/wp-content\/uploads\/2023\/12\/PAINO-OHJE-2023-8x12.png 8w, https:\/\/taikalyhty.fi\/wp-content\/uploads\/2023\/12\/PAINO-OHJE-2023-260x400.png 260w, https:\/\/taikalyhty.fi\/wp-content\/uploads\/2023\/12\/PAINO-OHJE-2023.png 2023w\" sizes=\"(max-width: 195px) 100vw, 195px\" \/><img decoding=\"async\" class=\"alignnone size-medium wp-image-10922\" src=\"https:\/\/taikalyhty.fi\/wp-content\/uploads\/2023\/12\/PRINT-GUIDE-ENGLISH-2023-195x300.png\" alt=\"\" width=\"195\" height=\"300\" srcset=\"https:\/\/taikalyhty.fi\/wp-content\/uploads\/2023\/12\/PRINT-GUIDE-ENGLISH-2023-195x300.png 195w, https:\/\/taikalyhty.fi\/wp-content\/uploads\/2023\/12\/PRINT-GUIDE-ENGLISH-2023-667x1024.png 667w, https:\/\/taikalyhty.fi\/wp-content\/uploads\/2023\/12\/PRINT-GUIDE-ENGLISH-2023-98x150.png 98w, https:\/\/taikalyhty.fi\/wp-content\/uploads\/2023\/12\/PRINT-GUIDE-ENGLISH-2023-768x1180.png 768w, https:\/\/taikalyhty.fi\/wp-content\/uploads\/2023\/12\/PRINT-GUIDE-ENGLISH-2023-1000x1536.png 1000w, https:\/\/taikalyhty.fi\/wp-content\/uploads\/2023\/12\/PRINT-GUIDE-ENGLISH-2023-1333x2048.png 1333w, https:\/\/taikalyhty.fi\/wp-content\/uploads\/2023\/12\/PRINT-GUIDE-ENGLISH-2023-8x12.png 8w, https:\/\/taikalyhty.fi\/wp-content\/uploads\/2023\/12\/PRINT-GUIDE-ENGLISH-2023-260x400.png 260w, https:\/\/taikalyhty.fi\/wp-content\/uploads\/2023\/12\/PRINT-GUIDE-ENGLISH-2023.png 2023w\" sizes=\"(max-width: 195px) 100vw, 195px\" \/><\/p>","protected":false},"featured_media":11179,"template":"","meta":{"_joinchat":[]},"product_brand":[],"product_cat":[120],"product_tag":[],"class_list":{"0":"post-11186","1":"product","2":"type-product","3":"status-publish","4":"has-post-thumbnail","6":"product_cat-pirkanmaan-taloyhtiopaiva-2025","8":"first","9":"instock","10":"shipping-taxable","11":"purchasable","12":"product-type-simple"},"_links":{"self":[{"href":"https:\/\/taikalyhty.fi\/en\/wp-json\/wp\/v2\/product\/11186","targetHints":{"allow":["GET"]}}],"collection":[{"href":"https:\/\/taikalyhty.fi\/en\/wp-json\/wp\/v2\/product"}],"about":[{"href":"https:\/\/taikalyhty.fi\/en\/wp-json\/wp\/v2\/types\/product"}],"wp:featuredmedia":[{"embeddable":true,"href":"https:\/\/taikalyhty.fi\/en\/wp-json\/wp\/v2\/media\/11179"}],"wp:attachment":[{"href":"https:\/\/taikalyhty.fi\/en\/wp-json\/wp\/v2\/media?parent=11186"}],"wp:term":[{"taxonomy":"product_brand","embeddable":true,"href":"https:\/\/taikalyhty.fi\/en\/wp-json\/wp\/v2\/product_brand?post=11186"},{"taxonomy":"product_cat","embeddable":true,"href":"https:\/\/taikalyhty.fi\/en\/wp-json\/wp\/v2\/product_cat?post=11186"},{"taxonomy":"product_tag","embeddable":true,"href":"https:\/\/taikalyhty.fi\/en\/wp-json\/wp\/v2\/product_tag?post=11186"}],"curies":[{"name":"wp","href":"https:\/\/api.w.org\/{rel}","templated":true}]}}