{"id":11114,"date":"2024-03-08T13:48:43","date_gmt":"2024-03-08T11:48:43","guid":{"rendered":"https:\/\/taikalyhty.fi\/?post_type=product&#038;p=11114"},"modified":"2024-03-08T13:59:59","modified_gmt":"2024-03-08T11:59:59","slug":"juhlavalaisu-varivaloin","status":"publish","type":"product","link":"https:\/\/taikalyhty.fi\/en\/product\/juhlavalaisu-varivaloin\/","title":{"rendered":"Juhlavalaisu v\u00e4rivaloin"},"content":{"rendered":"","protected":false},"excerpt":{"rendered":"<p>V\u00e4rivalaisu tapahtumaasi. Hinnat viitteellisi\u00e4 &#8211; kysy rohkeasti tarjoustamme!<\/p>\n<p>taikalyhty@taikalyhty.fi<\/p>\n<p>&nbsp;<\/p>\n<p>V\u00e4rivalokalustomme sis\u00e4lt\u00e4\u00e4 erikokoisia ledipesureita ja -heittimi\u00e4. Lis\u00e4ksi saatavilla valoroikkaa, ledinauhaa ja muuta luovaa valaisua. Valop\u00f6yd\u00e4ll\u00e4 tai ilman.<\/p>\n<p>Tarvittaessa voimme tehd\u00e4 teille my\u00f6s 3D-suunnitelman v\u00e4rien kanssa.<\/p>","protected":false},"featured_media":11120,"template":"","meta":{"_joinchat":[]},"product_brand":[],"product_cat":[109,44,43],"product_tag":[],"class_list":{"0":"post-11114","1":"product","2":"type-product","3":"status-publish","4":"has-post-thumbnail","6":"product_cat-somisteet-ja-ajatukset","7":"product_cat-valot","8":"product_cat-valot-esitystekniikka","10":"first","11":"instock","12":"shipping-taxable","13":"purchasable","14":"product-type-variable"},"_links":{"self":[{"href":"https:\/\/taikalyhty.fi\/en\/wp-json\/wp\/v2\/product\/11114","targetHints":{"allow":["GET"]}}],"collection":[{"href":"https:\/\/taikalyhty.fi\/en\/wp-json\/wp\/v2\/product"}],"about":[{"href":"https:\/\/taikalyhty.fi\/en\/wp-json\/wp\/v2\/types\/product"}],"wp:featuredmedia":[{"embeddable":true,"href":"https:\/\/taikalyhty.fi\/en\/wp-json\/wp\/v2\/media\/11120"}],"wp:attachment":[{"href":"https:\/\/taikalyhty.fi\/en\/wp-json\/wp\/v2\/media?parent=11114"}],"wp:term":[{"taxonomy":"product_brand","embeddable":true,"href":"https:\/\/taikalyhty.fi\/en\/wp-json\/wp\/v2\/product_brand?post=11114"},{"taxonomy":"product_cat","embeddable":true,"href":"https:\/\/taikalyhty.fi\/en\/wp-json\/wp\/v2\/product_cat?post=11114"},{"taxonomy":"product_tag","embeddable":true,"href":"https:\/\/taikalyhty.fi\/en\/wp-json\/wp\/v2\/product_tag?post=11114"}],"curies":[{"name":"wp","href":"https:\/\/api.w.org\/{rel}","templated":true}]}}