{"id":11099,"date":"2024-02-27T16:17:34","date_gmt":"2024-02-27T14:17:34","guid":{"rendered":"https:\/\/taikalyhty.fi\/?post_type=product&#038;p=11099"},"modified":"2024-02-27T16:19:40","modified_gmt":"2024-02-27T14:19:40","slug":"pedrali-ypsilon-4794t","status":"publish","type":"product","link":"https:\/\/taikalyhty.fi\/en\/product\/pedrali-ypsilon-4794t\/","title":{"rendered":"Pedrali Ypsilon 4794T (4)"},"content":{"rendered":"","protected":false},"excerpt":{"rendered":"<p>Kokoontaitettava, \u00e4\u00e4rimm\u00e4isen laadukas baarip\u00f6yt\u00e4 kokovalkoisena.<\/p>\n<p>Kannen halkaisija = 60cm.<\/p>","protected":false},"featured_media":11100,"template":"","meta":{"_joinchat":[]},"product_brand":[],"product_cat":[56],"product_tag":[],"class_list":{"0":"post-11099","1":"product","2":"type-product","3":"status-publish","4":"has-post-thumbnail","6":"product_cat-baaripoydat","8":"first","9":"instock","10":"shipping-taxable","11":"purchasable","12":"product-type-simple"},"_links":{"self":[{"href":"https:\/\/taikalyhty.fi\/en\/wp-json\/wp\/v2\/product\/11099","targetHints":{"allow":["GET"]}}],"collection":[{"href":"https:\/\/taikalyhty.fi\/en\/wp-json\/wp\/v2\/product"}],"about":[{"href":"https:\/\/taikalyhty.fi\/en\/wp-json\/wp\/v2\/types\/product"}],"wp:featuredmedia":[{"embeddable":true,"href":"https:\/\/taikalyhty.fi\/en\/wp-json\/wp\/v2\/media\/11100"}],"wp:attachment":[{"href":"https:\/\/taikalyhty.fi\/en\/wp-json\/wp\/v2\/media?parent=11099"}],"wp:term":[{"taxonomy":"product_brand","embeddable":true,"href":"https:\/\/taikalyhty.fi\/en\/wp-json\/wp\/v2\/product_brand?post=11099"},{"taxonomy":"product_cat","embeddable":true,"href":"https:\/\/taikalyhty.fi\/en\/wp-json\/wp\/v2\/product_cat?post=11099"},{"taxonomy":"product_tag","embeddable":true,"href":"https:\/\/taikalyhty.fi\/en\/wp-json\/wp\/v2\/product_tag?post=11099"}],"curies":[{"name":"wp","href":"https:\/\/api.w.org\/{rel}","templated":true}]}}