{"id":11050,"date":"2024-02-03T11:39:49","date_gmt":"2024-02-03T09:39:49","guid":{"rendered":"https:\/\/taikalyhty.fi\/?post_type=product&#038;p=11050"},"modified":"2026-02-11T12:47:54","modified_gmt":"2026-02-11T10:47:54","slug":"brandatty-levytuloste-reikapeltiin","status":"publish","type":"product","link":"https:\/\/taikalyhty.fi\/en\/product\/brandatty-levytuloste-reikapeltiin\/","title":{"rendered":"Br\u00e4nd\u00e4tty levytuloste reik\u00e4peltiin"},"content":{"rendered":"<p>Levyn koko 1030x1000mm<\/p>\n<p>Viimeinen tilausp\u00e4iv\u00e4 on 16.3.!<\/p>","protected":false},"excerpt":{"rendered":"<p><strong>Aineistokoko: 1030 x 1000mm<\/strong><\/p>\n<p>Autamme mielell\u00e4mme my\u00f6s, mik\u00e4li tarvitset apua painoaineiston kanssa.<\/p>","protected":false},"featured_media":11690,"template":"","meta":{"_joinchat":[]},"product_brand":[],"product_cat":[119],"product_tag":[],"class_list":{"0":"post-11050","1":"product","2":"type-product","3":"status-publish","4":"has-post-thumbnail","6":"product_cat-nuori2026","8":"first","9":"instock","10":"shipping-taxable","11":"purchasable","12":"product-type-simple"},"_links":{"self":[{"href":"https:\/\/taikalyhty.fi\/en\/wp-json\/wp\/v2\/product\/11050","targetHints":{"allow":["GET"]}}],"collection":[{"href":"https:\/\/taikalyhty.fi\/en\/wp-json\/wp\/v2\/product"}],"about":[{"href":"https:\/\/taikalyhty.fi\/en\/wp-json\/wp\/v2\/types\/product"}],"wp:featuredmedia":[{"embeddable":true,"href":"https:\/\/taikalyhty.fi\/en\/wp-json\/wp\/v2\/media\/11690"}],"wp:attachment":[{"href":"https:\/\/taikalyhty.fi\/en\/wp-json\/wp\/v2\/media?parent=11050"}],"wp:term":[{"taxonomy":"product_brand","embeddable":true,"href":"https:\/\/taikalyhty.fi\/en\/wp-json\/wp\/v2\/product_brand?post=11050"},{"taxonomy":"product_cat","embeddable":true,"href":"https:\/\/taikalyhty.fi\/en\/wp-json\/wp\/v2\/product_cat?post=11050"},{"taxonomy":"product_tag","embeddable":true,"href":"https:\/\/taikalyhty.fi\/en\/wp-json\/wp\/v2\/product_tag?post=11050"}],"curies":[{"name":"wp","href":"https:\/\/api.w.org\/{rel}","templated":true}]}}