{"id":11025,"date":"2024-01-14T11:27:37","date_gmt":"2024-01-14T09:27:37","guid":{"rendered":"https:\/\/taikalyhty.fi\/?post_type=product&#038;p=11025"},"modified":"2025-12-09T11:04:30","modified_gmt":"2025-12-09T09:04:30","slug":"sahkoliittyma-3x32a","status":"publish","type":"product","link":"https:\/\/taikalyhty.fi\/en\/product\/sahkoliittyma-3x32a\/","title":{"rendered":"Voimavirtaliittym\u00e4 3 x 25 A (Voimapistorasia 32A 400V 19 kW)"},"content":{"rendered":"","protected":false},"excerpt":{"rendered":"<p>Voimavirtaliittym\u00e4 3 x 25A400V 19 kW (444), sis. voimapistorasian ja asennuksen.<\/p>\n<p>Hinta sis\u00e4lt\u00e4\u00e4 Taikalyhdyn v\u00e4litys- ja k\u00e4sittelykulun.<\/p>","protected":false},"featured_media":600,"template":"","meta":{"_joinchat":[]},"product_brand":[],"product_cat":[75],"product_tag":[],"class_list":{"0":"post-11025","1":"product","2":"type-product","3":"status-publish","4":"has-post-thumbnail","6":"product_cat-sote-atk-2026","8":"first","9":"instock","10":"shipping-taxable","11":"purchasable","12":"product-type-simple"},"_links":{"self":[{"href":"https:\/\/taikalyhty.fi\/en\/wp-json\/wp\/v2\/product\/11025","targetHints":{"allow":["GET"]}}],"collection":[{"href":"https:\/\/taikalyhty.fi\/en\/wp-json\/wp\/v2\/product"}],"about":[{"href":"https:\/\/taikalyhty.fi\/en\/wp-json\/wp\/v2\/types\/product"}],"wp:featuredmedia":[{"embeddable":true,"href":"https:\/\/taikalyhty.fi\/en\/wp-json\/wp\/v2\/media\/600"}],"wp:attachment":[{"href":"https:\/\/taikalyhty.fi\/en\/wp-json\/wp\/v2\/media?parent=11025"}],"wp:term":[{"taxonomy":"product_brand","embeddable":true,"href":"https:\/\/taikalyhty.fi\/en\/wp-json\/wp\/v2\/product_brand?post=11025"},{"taxonomy":"product_cat","embeddable":true,"href":"https:\/\/taikalyhty.fi\/en\/wp-json\/wp\/v2\/product_cat?post=11025"},{"taxonomy":"product_tag","embeddable":true,"href":"https:\/\/taikalyhty.fi\/en\/wp-json\/wp\/v2\/product_tag?post=11025"}],"curies":[{"name":"wp","href":"https:\/\/api.w.org\/{rel}","templated":true}]}}