{"id":11023,"date":"2024-01-11T09:09:38","date_gmt":"2024-01-11T07:09:38","guid":{"rendered":"https:\/\/taikalyhty.fi\/?post_type=product&#038;p=11023"},"modified":"2024-12-10T13:32:13","modified_gmt":"2024-12-10T11:32:13","slug":"kiintea-internet-liittyma-20-20mbps","status":"publish","type":"product","link":"https:\/\/taikalyhty.fi\/en\/product\/kiintea-internet-liittyma-20-20mbps\/","title":{"rendered":"WLAN switch"},"content":{"rendered":"","protected":false},"excerpt":{"rendered":"<p>Vaatii toimiakseen kiinte\u00e4n internetliittym\u00e4n.<\/p>\n<p>Tilataksesi WLAN-tukiaseman, lis\u00e4\u00e4 ostoskoriisi my\u00f6s tuote: Kiinte\u00e4 internet -liittym\u00e4 (ensimm\u00e4inen ty\u00f6asema), hinta 215\u20ac +alv 25,5%<\/p>","protected":false},"featured_media":881,"template":"","meta":{"_joinchat":[]},"product_brand":[],"product_cat":[75],"product_tag":[],"class_list":{"0":"post-11023","1":"product","2":"type-product","3":"status-publish","4":"has-post-thumbnail","6":"product_cat-sote-atk-2026","8":"first","9":"instock","10":"shipping-taxable","11":"purchasable","12":"product-type-simple"},"_links":{"self":[{"href":"https:\/\/taikalyhty.fi\/en\/wp-json\/wp\/v2\/product\/11023","targetHints":{"allow":["GET"]}}],"collection":[{"href":"https:\/\/taikalyhty.fi\/en\/wp-json\/wp\/v2\/product"}],"about":[{"href":"https:\/\/taikalyhty.fi\/en\/wp-json\/wp\/v2\/types\/product"}],"wp:featuredmedia":[{"embeddable":true,"href":"https:\/\/taikalyhty.fi\/en\/wp-json\/wp\/v2\/media\/881"}],"wp:attachment":[{"href":"https:\/\/taikalyhty.fi\/en\/wp-json\/wp\/v2\/media?parent=11023"}],"wp:term":[{"taxonomy":"product_brand","embeddable":true,"href":"https:\/\/taikalyhty.fi\/en\/wp-json\/wp\/v2\/product_brand?post=11023"},{"taxonomy":"product_cat","embeddable":true,"href":"https:\/\/taikalyhty.fi\/en\/wp-json\/wp\/v2\/product_cat?post=11023"},{"taxonomy":"product_tag","embeddable":true,"href":"https:\/\/taikalyhty.fi\/en\/wp-json\/wp\/v2\/product_tag?post=11023"}],"curies":[{"name":"wp","href":"https:\/\/api.w.org\/{rel}","templated":true}]}}