{"id":11022,"date":"2024-01-11T09:08:21","date_gmt":"2024-01-11T07:08:21","guid":{"rendered":"https:\/\/taikalyhty.fi\/?post_type=product&#038;p=11022"},"modified":"2025-12-09T11:14:19","modified_gmt":"2025-12-09T09:14:19","slug":"kiintea-internet-liittyma-10-10mbps","status":"publish","type":"product","link":"https:\/\/taikalyhty.fi\/en\/product\/kiintea-internet-liittyma-10-10mbps\/","title":{"rendered":"Kiinte\u00e4 Internet -liittym\u00e4, seuraavat ty\u00f6asemat"},"content":{"rendered":"","protected":false},"excerpt":{"rendered":"<p>Ty\u00f6asemaliit\u00e4nt\u00e4 tarvitaan jokaista ty\u00f6asemaa varten, jolle yhteys halutaan.<br \/>\nLiit\u00e4nt\u00e4 on toteutettu RJ-45 liit\u00e4nn\u00e4ll\u00e4, eli ty\u00f6asemassa t\u00e4ytyy olla verkkokortti.<br \/>\nPalvelu sis\u00e4lt\u00e4\u00e4 ty\u00f6asemakaapelit ja keskittimen.<\/p>\n<p>Tilataksesi useamman kiinte\u00e4n internetliittym\u00e4n osastollesi lis\u00e4\u00e4 ostoskoriisi &#8221;Kiinte\u00e4 internet -liittym\u00e4 (ensimm\u00e4inen ty\u00f6asema) -tuote. Hinta 350 \u20ac +alv 25,5%.<\/p>","protected":false},"featured_media":881,"template":"","meta":{"_joinchat":[]},"product_brand":[],"product_cat":[75],"product_tag":[],"class_list":{"0":"post-11022","1":"product","2":"type-product","3":"status-publish","4":"has-post-thumbnail","6":"product_cat-sote-atk-2026","8":"first","9":"instock","10":"shipping-taxable","11":"purchasable","12":"product-type-simple"},"_links":{"self":[{"href":"https:\/\/taikalyhty.fi\/en\/wp-json\/wp\/v2\/product\/11022","targetHints":{"allow":["GET"]}}],"collection":[{"href":"https:\/\/taikalyhty.fi\/en\/wp-json\/wp\/v2\/product"}],"about":[{"href":"https:\/\/taikalyhty.fi\/en\/wp-json\/wp\/v2\/types\/product"}],"wp:featuredmedia":[{"embeddable":true,"href":"https:\/\/taikalyhty.fi\/en\/wp-json\/wp\/v2\/media\/881"}],"wp:attachment":[{"href":"https:\/\/taikalyhty.fi\/en\/wp-json\/wp\/v2\/media?parent=11022"}],"wp:term":[{"taxonomy":"product_brand","embeddable":true,"href":"https:\/\/taikalyhty.fi\/en\/wp-json\/wp\/v2\/product_brand?post=11022"},{"taxonomy":"product_cat","embeddable":true,"href":"https:\/\/taikalyhty.fi\/en\/wp-json\/wp\/v2\/product_cat?post=11022"},{"taxonomy":"product_tag","embeddable":true,"href":"https:\/\/taikalyhty.fi\/en\/wp-json\/wp\/v2\/product_tag?post=11022"}],"curies":[{"name":"wp","href":"https:\/\/api.w.org\/{rel}","templated":true}]}}