{"id":10983,"date":"2023-12-15T20:02:36","date_gmt":"2023-12-15T18:02:36","guid":{"rendered":"https:\/\/taikalyhty.fi\/?post_type=product&#038;p=10983"},"modified":"2026-02-20T09:52:29","modified_gmt":"2026-02-20T07:52:29","slug":"seinakannake-naytolle-piiloutuva","status":"publish","type":"product","link":"https:\/\/taikalyhty.fi\/en\/product\/seinakannake-naytolle-piiloutuva\/","title":{"rendered":"Wall mount for screen (hidden)"},"content":{"rendered":"","protected":false},"excerpt":{"rendered":"<p>Valitse t\u00e4m\u00e4 tuote kun haluat n\u00e4ytt\u00f6si asennettavan sein\u00e4lle niin, ett\u00e4 mit\u00e4\u00e4n ylim\u00e4\u00e4r\u00e4ist\u00e4 ei j\u00e4\u00e4 n\u00e4kyviin.<\/p>\n<p>Tilausten DL 9.10.<\/p>","protected":false},"featured_media":1286,"template":"","meta":{"_joinchat":[]},"product_brand":[],"product_cat":[67,120,63],"product_tag":[],"class_list":{"0":"post-10983","1":"product","2":"type-product","3":"status-publish","4":"has-post-thumbnail","6":"product_cat-naytot","7":"product_cat-pirkanmaan-taloyhtiopaiva-2025","8":"product_cat-screenit-projektorit","10":"first","11":"instock","12":"shipping-taxable","13":"purchasable","14":"product-type-simple"},"_links":{"self":[{"href":"https:\/\/taikalyhty.fi\/en\/wp-json\/wp\/v2\/product\/10983","targetHints":{"allow":["GET"]}}],"collection":[{"href":"https:\/\/taikalyhty.fi\/en\/wp-json\/wp\/v2\/product"}],"about":[{"href":"https:\/\/taikalyhty.fi\/en\/wp-json\/wp\/v2\/types\/product"}],"wp:featuredmedia":[{"embeddable":true,"href":"https:\/\/taikalyhty.fi\/en\/wp-json\/wp\/v2\/media\/1286"}],"wp:attachment":[{"href":"https:\/\/taikalyhty.fi\/en\/wp-json\/wp\/v2\/media?parent=10983"}],"wp:term":[{"taxonomy":"product_brand","embeddable":true,"href":"https:\/\/taikalyhty.fi\/en\/wp-json\/wp\/v2\/product_brand?post=10983"},{"taxonomy":"product_cat","embeddable":true,"href":"https:\/\/taikalyhty.fi\/en\/wp-json\/wp\/v2\/product_cat?post=10983"},{"taxonomy":"product_tag","embeddable":true,"href":"https:\/\/taikalyhty.fi\/en\/wp-json\/wp\/v2\/product_tag?post=10983"}],"curies":[{"name":"wp","href":"https:\/\/api.w.org\/{rel}","templated":true}]}}