{"id":10981,"date":"2023-12-15T19:58:24","date_gmt":"2023-12-15T17:58:24","guid":{"rendered":"https:\/\/taikalyhty.fi\/?post_type=product&#038;p=10981"},"modified":"2026-02-20T14:54:18","modified_gmt":"2026-02-20T12:54:18","slug":"lattiajalka-naytolle","status":"publish","type":"product","link":"https:\/\/taikalyhty.fi\/en\/product\/lattiajalka-naytolle\/","title":{"rendered":"Screen floor stand"},"content":{"rendered":"<p>Useita erilaisia. Toimitus saattaa poiketa kuvan mallista.<\/p>\n<p>&nbsp;<\/p>","protected":false},"excerpt":{"rendered":"<p>Lattialla seisova jalka.<\/p>\n<p>Kaikki lattiajalkamme riitt\u00e4v\u00e4t n\u00e4yt\u00f6n nostamiseen hyv\u00e4lle katselukorkeudelle, jolloin ne eiv\u00e4t j\u00e4\u00e4 osastollakalusteiden taakse.<\/p>\n<p>Meilt\u00e4 l\u00f6ytyy eri tyylisi\u00e4 lattiajalkoja, kerrothan kommenteissa, mik\u00e4li tarvitset tiettyj\u00e4 ominaisuuksia, kuten tietokonehylly\u00e4 n\u00e4yt\u00f6n tai py\u00f6ri\u00e4 jalan alle.<\/p>\n<p>&nbsp;<\/p>","protected":false},"featured_media":1288,"template":"","meta":{"_joinchat":[]},"product_brand":[],"product_cat":[67,120,63],"product_tag":[],"class_list":{"0":"post-10981","1":"product","2":"type-product","3":"status-publish","4":"has-post-thumbnail","6":"product_cat-naytot","7":"product_cat-pirkanmaan-taloyhtiopaiva-2025","8":"product_cat-screenit-projektorit","10":"first","11":"instock","12":"shipping-taxable","13":"purchasable","14":"product-type-simple"},"_links":{"self":[{"href":"https:\/\/taikalyhty.fi\/en\/wp-json\/wp\/v2\/product\/10981","targetHints":{"allow":["GET"]}}],"collection":[{"href":"https:\/\/taikalyhty.fi\/en\/wp-json\/wp\/v2\/product"}],"about":[{"href":"https:\/\/taikalyhty.fi\/en\/wp-json\/wp\/v2\/types\/product"}],"wp:featuredmedia":[{"embeddable":true,"href":"https:\/\/taikalyhty.fi\/en\/wp-json\/wp\/v2\/media\/1288"}],"wp:attachment":[{"href":"https:\/\/taikalyhty.fi\/en\/wp-json\/wp\/v2\/media?parent=10981"}],"wp:term":[{"taxonomy":"product_brand","embeddable":true,"href":"https:\/\/taikalyhty.fi\/en\/wp-json\/wp\/v2\/product_brand?post=10981"},{"taxonomy":"product_cat","embeddable":true,"href":"https:\/\/taikalyhty.fi\/en\/wp-json\/wp\/v2\/product_cat?post=10981"},{"taxonomy":"product_tag","embeddable":true,"href":"https:\/\/taikalyhty.fi\/en\/wp-json\/wp\/v2\/product_tag?post=10981"}],"curies":[{"name":"wp","href":"https:\/\/api.w.org\/{rel}","templated":true}]}}