{"id":10920,"date":"2023-12-07T12:50:29","date_gmt":"2023-12-07T10:50:29","guid":{"rendered":"https:\/\/taikalyhty.fi\/?post_type=product&#038;p=10920"},"modified":"2026-02-11T12:48:45","modified_gmt":"2026-02-11T10:48:45","slug":"osasto-takaseinan-brandaaminen-nuori24-osasto-4m2","status":"publish","type":"product","link":"https:\/\/taikalyhty.fi\/en\/product\/osasto-takaseinan-brandaaminen-nuori24-osasto-4m2\/","title":{"rendered":"Osaston takasein\u00e4n br\u00e4nd\u00e4\u00e4minen NUORI26 (osasto 4m2)"},"content":{"rendered":"<p>Viimeinen tilausp\u00e4iv\u00e4 on 16.3.!<\/p>","protected":false},"excerpt":{"rendered":"<p>Hinta 65\u20ac \/ neli\u00f6metri. N\u00e4ytteilleasettajan aineistosta tulostettu Decotex -kangas tarranauhakiinnityksill\u00e4. Kankaan saa pit\u00e4\u00e4 veloituksetta tapahtuman p\u00e4\u00e4tytty\u00e4.<\/p>\n<p><strong>Aineistokoko:\u00a0<\/strong>1970 x 2500mm.<\/p>\n<p>&nbsp;<\/p>\n<p>Autamme mielell\u00e4mme my\u00f6s, mik\u00e4li tarvitset apua painoaineiston kanssa.<\/p>","protected":false},"featured_media":11687,"template":"","meta":{"_joinchat":[]},"product_brand":[],"product_cat":[119],"product_tag":[],"class_list":{"0":"post-10920","1":"product","2":"type-product","3":"status-publish","4":"has-post-thumbnail","6":"product_cat-nuori2026","8":"first","9":"instock","10":"shipping-taxable","11":"purchasable","12":"product-type-simple"},"_links":{"self":[{"href":"https:\/\/taikalyhty.fi\/en\/wp-json\/wp\/v2\/product\/10920","targetHints":{"allow":["GET"]}}],"collection":[{"href":"https:\/\/taikalyhty.fi\/en\/wp-json\/wp\/v2\/product"}],"about":[{"href":"https:\/\/taikalyhty.fi\/en\/wp-json\/wp\/v2\/types\/product"}],"wp:featuredmedia":[{"embeddable":true,"href":"https:\/\/taikalyhty.fi\/en\/wp-json\/wp\/v2\/media\/11687"}],"wp:attachment":[{"href":"https:\/\/taikalyhty.fi\/en\/wp-json\/wp\/v2\/media?parent=10920"}],"wp:term":[{"taxonomy":"product_brand","embeddable":true,"href":"https:\/\/taikalyhty.fi\/en\/wp-json\/wp\/v2\/product_brand?post=10920"},{"taxonomy":"product_cat","embeddable":true,"href":"https:\/\/taikalyhty.fi\/en\/wp-json\/wp\/v2\/product_cat?post=10920"},{"taxonomy":"product_tag","embeddable":true,"href":"https:\/\/taikalyhty.fi\/en\/wp-json\/wp\/v2\/product_tag?post=10920"}],"curies":[{"name":"wp","href":"https:\/\/api.w.org\/{rel}","templated":true}]}}