{"id":10918,"date":"2023-12-07T12:49:53","date_gmt":"2023-12-07T10:49:53","guid":{"rendered":"https:\/\/taikalyhty.fi\/?post_type=product&#038;p=10918"},"modified":"2026-02-11T12:49:05","modified_gmt":"2026-02-11T10:49:05","slug":"tiskin-brandaaminen-nuori24","status":"publish","type":"product","link":"https:\/\/taikalyhty.fi\/en\/product\/tiskin-brandaaminen-nuori24\/","title":{"rendered":"Tiskin br\u00e4nd\u00e4\u00e4minen NUORI26"},"content":{"rendered":"<p>Viimeinen tilausp\u00e4iv\u00e4 on 16.3.!<\/p>","protected":false},"excerpt":{"rendered":"<p>5mm vahvuinen viscom -levy n\u00e4ytteilleasettajan painoaineistosta. Levyn saa pit\u00e4\u00e4 tapahtuman p\u00e4\u00e4tytty\u00e4.<\/p>\n<p><strong>Aineistokoko: 1030 x 1000mm<\/strong><\/p>\n<p>Autamme mielell\u00e4mme my\u00f6s painoaineiston kanssa, mik\u00e4li tarve vaatii.<\/p>","protected":false},"featured_media":11698,"template":"","meta":{"_joinchat":[]},"product_brand":[],"product_cat":[119],"product_tag":[],"class_list":{"0":"post-10918","1":"product","2":"type-product","3":"status-publish","4":"has-post-thumbnail","6":"product_cat-nuori2026","8":"first","9":"instock","10":"shipping-taxable","11":"purchasable","12":"product-type-simple"},"_links":{"self":[{"href":"https:\/\/taikalyhty.fi\/en\/wp-json\/wp\/v2\/product\/10918","targetHints":{"allow":["GET"]}}],"collection":[{"href":"https:\/\/taikalyhty.fi\/en\/wp-json\/wp\/v2\/product"}],"about":[{"href":"https:\/\/taikalyhty.fi\/en\/wp-json\/wp\/v2\/types\/product"}],"wp:featuredmedia":[{"embeddable":true,"href":"https:\/\/taikalyhty.fi\/en\/wp-json\/wp\/v2\/media\/11698"}],"wp:attachment":[{"href":"https:\/\/taikalyhty.fi\/en\/wp-json\/wp\/v2\/media?parent=10918"}],"wp:term":[{"taxonomy":"product_brand","embeddable":true,"href":"https:\/\/taikalyhty.fi\/en\/wp-json\/wp\/v2\/product_brand?post=10918"},{"taxonomy":"product_cat","embeddable":true,"href":"https:\/\/taikalyhty.fi\/en\/wp-json\/wp\/v2\/product_cat?post=10918"},{"taxonomy":"product_tag","embeddable":true,"href":"https:\/\/taikalyhty.fi\/en\/wp-json\/wp\/v2\/product_tag?post=10918"}],"curies":[{"name":"wp","href":"https:\/\/api.w.org\/{rel}","templated":true}]}}