{"id":10915,"date":"2023-12-07T12:19:27","date_gmt":"2023-12-07T10:19:27","guid":{"rendered":"https:\/\/taikalyhty.fi\/?post_type=product&#038;p=10915"},"modified":"2024-11-08T13:31:22","modified_gmt":"2024-11-08T11:31:22","slug":"nayttelypaketti-2b-2","status":"publish","type":"product","link":"https:\/\/taikalyhty.fi\/en\/product\/nayttelypaketti-2b-2\/","title":{"rendered":"N\u00e4yttelypaketti 2b"},"content":{"rendered":"<p>Valkoinen suorakulmainen p\u00f6yt\u00e4. P\u00f6yd\u00e4n koko 60x100cm.<\/p>\n<p>Kaksi valkoista matalaa tuolia.<\/p>","protected":false},"excerpt":{"rendered":"<p>Valkoinen suorakulmainen p\u00f6yt\u00e4. P\u00f6yd\u00e4n koko 60x100cm. Kaksi valkoista matalaa tuolia.<\/p>","protected":false},"featured_media":11306,"template":"","meta":{"_joinchat":[]},"product_brand":[],"product_cat":[70],"product_tag":[],"class_list":{"0":"post-10915","1":"product","2":"type-product","3":"status-publish","4":"has-post-thumbnail","6":"product_cat-tervesos-2026-hameenlinna","8":"first","9":"instock","10":"shipping-taxable","11":"purchasable","12":"product-type-simple"},"_links":{"self":[{"href":"https:\/\/taikalyhty.fi\/en\/wp-json\/wp\/v2\/product\/10915","targetHints":{"allow":["GET"]}}],"collection":[{"href":"https:\/\/taikalyhty.fi\/en\/wp-json\/wp\/v2\/product"}],"about":[{"href":"https:\/\/taikalyhty.fi\/en\/wp-json\/wp\/v2\/types\/product"}],"wp:featuredmedia":[{"embeddable":true,"href":"https:\/\/taikalyhty.fi\/en\/wp-json\/wp\/v2\/media\/11306"}],"wp:attachment":[{"href":"https:\/\/taikalyhty.fi\/en\/wp-json\/wp\/v2\/media?parent=10915"}],"wp:term":[{"taxonomy":"product_brand","embeddable":true,"href":"https:\/\/taikalyhty.fi\/en\/wp-json\/wp\/v2\/product_brand?post=10915"},{"taxonomy":"product_cat","embeddable":true,"href":"https:\/\/taikalyhty.fi\/en\/wp-json\/wp\/v2\/product_cat?post=10915"},{"taxonomy":"product_tag","embeddable":true,"href":"https:\/\/taikalyhty.fi\/en\/wp-json\/wp\/v2\/product_tag?post=10915"}],"curies":[{"name":"wp","href":"https:\/\/api.w.org\/{rel}","templated":true}]}}