{"id":10824,"date":"2023-09-20T12:38:30","date_gmt":"2023-09-20T09:38:30","guid":{"rendered":"https:\/\/taikalyhty.fi\/?post_type=product&#038;p=10824"},"modified":"2026-02-20T16:11:22","modified_gmt":"2026-02-20T14:11:22","slug":"tiski-set","status":"publish","type":"product","link":"https:\/\/taikalyhty.fi\/en\/product\/tiski-set\/","title":{"rendered":"Counter set"},"content":{"rendered":"<p>Viimeinen tilausp\u00e4iv\u00e4 on 16.3.!<\/p>","protected":false},"excerpt":{"rendered":"<p>Liukuovikaappi K10 + Baarijakkara K25V<\/p>\n<p>HUOM. tiskimalli ei sis\u00e4ll\u00e4 v\u00e4lihylly\u00e4. Mik\u00e4li tarvitset v\u00e4lihyllyn, valitse tiskimalli K15.<\/p>","protected":false},"featured_media":10825,"template":"","meta":{"_joinchat":[]},"product_brand":[],"product_cat":[119,127,21],"product_tag":[],"class_list":{"0":"post-10824","1":"product","2":"type-product","3":"status-publish","4":"has-post-thumbnail","6":"product_cat-nuori2026","7":"product_cat-sns26","8":"product_cat-yleinen","10":"first","11":"instock","12":"shipping-taxable","13":"purchasable","14":"product-type-simple"},"_links":{"self":[{"href":"https:\/\/taikalyhty.fi\/en\/wp-json\/wp\/v2\/product\/10824","targetHints":{"allow":["GET"]}}],"collection":[{"href":"https:\/\/taikalyhty.fi\/en\/wp-json\/wp\/v2\/product"}],"about":[{"href":"https:\/\/taikalyhty.fi\/en\/wp-json\/wp\/v2\/types\/product"}],"wp:featuredmedia":[{"embeddable":true,"href":"https:\/\/taikalyhty.fi\/en\/wp-json\/wp\/v2\/media\/10825"}],"wp:attachment":[{"href":"https:\/\/taikalyhty.fi\/en\/wp-json\/wp\/v2\/media?parent=10824"}],"wp:term":[{"taxonomy":"product_brand","embeddable":true,"href":"https:\/\/taikalyhty.fi\/en\/wp-json\/wp\/v2\/product_brand?post=10824"},{"taxonomy":"product_cat","embeddable":true,"href":"https:\/\/taikalyhty.fi\/en\/wp-json\/wp\/v2\/product_cat?post=10824"},{"taxonomy":"product_tag","embeddable":true,"href":"https:\/\/taikalyhty.fi\/en\/wp-json\/wp\/v2\/product_tag?post=10824"}],"curies":[{"name":"wp","href":"https:\/\/api.w.org\/{rel}","templated":true}]}}