{"id":1038,"date":"2023-04-11T14:43:40","date_gmt":"2023-04-11T11:43:40","guid":{"rendered":"https:\/\/taikalyhty.fi\/?post_type=product&#038;p=1038"},"modified":"2023-12-08T15:19:45","modified_gmt":"2023-12-08T13:19:45","slug":"malliosasto-3-x-4-m-rakenteet-ja-kalusteet","status":"publish","type":"product","link":"https:\/\/taikalyhty.fi\/en\/product\/malliosasto-3-x-4-m-rakenteet-ja-kalusteet\/","title":{"rendered":"Malliosasto 3 x 4 m &#8211; rakenteet ja kalusteet"},"content":{"rendered":"<div data-elementor-type=\"wp-post\" data-elementor-id=\"1038\" class=\"elementor elementor-1038 elementor-bc-flex-widget\" data-elementor-post-type=\"product\">\n\t\t\t\t\t\t<section class=\"elementor-section elementor-top-section elementor-element elementor-element-eab59e6 elementor-section-boxed elementor-section-height-default elementor-section-height-default\" data-id=\"eab59e6\" data-element_type=\"section\" data-e-type=\"section\">\n\t\t\t\t\t\t<div class=\"elementor-container elementor-column-gap-default\">\n\t\t\t\t\t<div class=\"elementor-column elementor-col-100 elementor-top-column elementor-element elementor-element-db46dec\" data-id=\"db46dec\" data-element_type=\"column\" data-e-type=\"column\">\n\t\t\t<div class=\"elementor-widget-wrap elementor-element-populated\">\n\t\t\t\t\t\t<div class=\"elementor-element elementor-element-df36dfd elementor-widget elementor-widget-image\" data-id=\"df36dfd\" data-element_type=\"widget\" data-e-type=\"widget\" data-widget_type=\"image.default\">\n\t\t\t\t<div class=\"elementor-widget-container\">\n\t\t\t\t\t\t\t\t\t\t\t\t\t\t\t<img decoding=\"async\" src=\"https:\/\/taikalyhty.fi\/wp-content\/uploads\/2020\/01\/N\u00e4ytt\u00f6kuva-2020-1-30-kello-10.50.02-1.png\" title=\"\" alt=\"\" loading=\"lazy\" \/>\t\t\t\t\t\t\t\t\t\t\t\t\t\t\t<\/div>\n\t\t\t\t<\/div>\n\t\t\t\t\t<\/div>\n\t\t<\/div>\n\t\t\t\t\t<\/div>\n\t\t<\/section>\n\t\t\t\t<\/div>","protected":false},"excerpt":{"rendered":"<p>Mallipohja ja -kuva auttaa hahmottamaan varatun osaston tilavuutta. Esitt\u00e4k\u00e4\u00e4 toivomuksenne toteutuksesta ja me teemme tarjouksen kokonaisuudesta.<\/p>","protected":false},"featured_media":1083,"template":"","meta":{"_joinchat":[]},"product_brand":[],"product_cat":[105],"product_tag":[],"class_list":{"0":"post-1038","1":"product","2":"type-product","3":"status-publish","4":"has-post-thumbnail","6":"product_cat-messuosastot-messuosastot","8":"first","9":"instock","10":"shipping-taxable","11":"purchasable","12":"product-type-simple"},"_links":{"self":[{"href":"https:\/\/taikalyhty.fi\/en\/wp-json\/wp\/v2\/product\/1038","targetHints":{"allow":["GET"]}}],"collection":[{"href":"https:\/\/taikalyhty.fi\/en\/wp-json\/wp\/v2\/product"}],"about":[{"href":"https:\/\/taikalyhty.fi\/en\/wp-json\/wp\/v2\/types\/product"}],"wp:featuredmedia":[{"embeddable":true,"href":"https:\/\/taikalyhty.fi\/en\/wp-json\/wp\/v2\/media\/1083"}],"wp:attachment":[{"href":"https:\/\/taikalyhty.fi\/en\/wp-json\/wp\/v2\/media?parent=1038"}],"wp:term":[{"taxonomy":"product_brand","embeddable":true,"href":"https:\/\/taikalyhty.fi\/en\/wp-json\/wp\/v2\/product_brand?post=1038"},{"taxonomy":"product_cat","embeddable":true,"href":"https:\/\/taikalyhty.fi\/en\/wp-json\/wp\/v2\/product_cat?post=1038"},{"taxonomy":"product_tag","embeddable":true,"href":"https:\/\/taikalyhty.fi\/en\/wp-json\/wp\/v2\/product_tag?post=1038"}],"curies":[{"name":"wp","href":"https:\/\/api.w.org\/{rel}","templated":true}]}}