{"id":1026,"date":"2023-04-11T14:43:14","date_gmt":"2023-04-11T11:43:14","guid":{"rendered":"https:\/\/taikalyhty.fi\/?post_type=product&#038;p=1026"},"modified":"2025-09-04T17:03:07","modified_gmt":"2025-09-04T14:03:07","slug":"maton-suojaaminen-muovilla-m2","status":"publish","type":"product","link":"https:\/\/taikalyhty.fi\/en\/product\/maton-suojaaminen-muovilla-m2\/","title":{"rendered":"Protecting the carpet with plastic \/ m2"},"content":{"rendered":"<div data-elementor-type=\"wp-post\" data-elementor-id=\"1026\" class=\"elementor elementor-1026 elementor-bc-flex-widget\" data-elementor-post-type=\"product\">\n\t\t\t\t\t\t<section class=\"elementor-section elementor-top-section elementor-element elementor-element-4c63aba elementor-section-boxed elementor-section-height-default elementor-section-height-default\" data-id=\"4c63aba\" data-element_type=\"section\" data-e-type=\"section\">\n\t\t\t\t\t\t<div class=\"elementor-container elementor-column-gap-default\">\n\t\t\t\t\t<div class=\"elementor-column elementor-col-100 elementor-top-column elementor-element elementor-element-9e7e28f\" data-id=\"9e7e28f\" data-element_type=\"column\" data-e-type=\"column\">\n\t\t\t<div class=\"elementor-widget-wrap elementor-element-populated\">\n\t\t\t\t\t\t<div class=\"elementor-element elementor-element-3643d7c elementor-widget elementor-widget-text-editor\" data-id=\"3643d7c\" data-element_type=\"widget\" data-e-type=\"widget\" data-widget_type=\"text-editor.default\">\n\t\t\t\t<div class=\"elementor-widget-container\">\n\t\t\t\t\t\t\t\t\t<p>Taikalyhty kehottaa tarkasti harkitsemaan, onko suojaus v\u00e4ltt\u00e4m\u00e4t\u00f6n. L\u00e4hinn\u00e4 sit\u00e4 kannattaa suosia osastoilla, joille kuljetetaan todella painavia (200 kg+) elementtej\u00e4 tai tavaroita pumppuk\u00e4rryill\u00e4.<p>Rakennuksen j\u00e4lkeinen imurointi K\u00e4rcherin mattoimureillamme takaa usein yht\u00e4 hyv\u00e4n lopputuloksen.\t\t\t\t\t\t\t\t<\/div>\n\t\t\t\t<\/div>\n\t\t\t\t\t<\/div>\n\t\t<\/div>\n\t\t\t\t\t<\/div>\n\t\t<\/section>\n\t\t\t\t<section class=\"elementor-section elementor-top-section elementor-element elementor-element-3c5e230 elementor-section-boxed elementor-section-height-default elementor-section-height-default\" data-id=\"3c5e230\" data-element_type=\"section\" data-e-type=\"section\">\n\t\t\t\t\t\t<div class=\"elementor-container elementor-column-gap-default\">\n\t\t\t\t\t<div class=\"elementor-column elementor-col-100 elementor-top-column elementor-element elementor-element-da0d82f\" data-id=\"da0d82f\" data-element_type=\"column\" data-e-type=\"column\">\n\t\t\t<div class=\"elementor-widget-wrap elementor-element-populated\">\n\t\t\t\t\t\t<div class=\"elementor-element elementor-element-69b6c51 elementor-widget elementor-widget-image\" data-id=\"69b6c51\" data-element_type=\"widget\" data-e-type=\"widget\" data-widget_type=\"image.default\">\n\t\t\t\t<div class=\"elementor-widget-container\">\n\t\t\t\t\t\t\t\t\t\t\t\t\t\t\t<img decoding=\"async\" src=\"https:\/\/taikalyhty.fi\/wp-content\/uploads\/2020\/01\/IMG_8105.jpg\" title=\"\" alt=\"\" loading=\"lazy\" \/>\t\t\t\t\t\t\t\t\t\t\t\t\t\t\t<\/div>\n\t\t\t\t<\/div>\n\t\t\t\t\t<\/div>\n\t\t<\/div>\n\t\t\t\t\t<\/div>\n\t\t<\/section>\n\t\t\t\t<\/div>","protected":false},"excerpt":{"rendered":"<p>Lopullinen hinta m\u00e4\u00e4r\u00e4ytyy neli\u00f6iden m\u00e4\u00e4r\u00e4n mukaan. Hinta ei sis\u00e4ll\u00e4 suojamuovin poistoa.<\/p>\n<p>Taikalyhty kehottaa tarkasti harkitsemaan, onko suojaus v\u00e4ltt\u00e4m\u00e4t\u00f6n. L\u00e4hinn\u00e4 sit\u00e4 kannattaa suosia osastoilla, joille kuljetetaan todella painavia (200 kg+) elementtej\u00e4 tai tavaroita pumppuk\u00e4rryill\u00e4 tai jos osasto on vaarassa kastua (esim. osaston sijaitessa kuorma-autojen lastaukseen k\u00e4ytett\u00e4v\u00e4n vilkkaan k\u00e4yt\u00e4v\u00e4n varrella lumisena vuodenaikana).<\/p>\n<p>Rakennuksen j\u00e4lkeinen imurointi K\u00e4rcherin mattoimureillamme takaa yleens\u00e4 yht\u00e4 hyv\u00e4n lopputuloksen.<\/p>","protected":false},"featured_media":11771,"template":"","meta":{"_joinchat":[]},"product_brand":[],"product_cat":[81],"product_tag":[],"class_list":{"0":"post-1026","1":"product","2":"type-product","3":"status-publish","4":"has-post-thumbnail","6":"product_cat-matot-lattiat","8":"first","9":"instock","10":"shipping-taxable","11":"purchasable","12":"product-type-simple"},"_links":{"self":[{"href":"https:\/\/taikalyhty.fi\/en\/wp-json\/wp\/v2\/product\/1026","targetHints":{"allow":["GET"]}}],"collection":[{"href":"https:\/\/taikalyhty.fi\/en\/wp-json\/wp\/v2\/product"}],"about":[{"href":"https:\/\/taikalyhty.fi\/en\/wp-json\/wp\/v2\/types\/product"}],"wp:featuredmedia":[{"embeddable":true,"href":"https:\/\/taikalyhty.fi\/en\/wp-json\/wp\/v2\/media\/11771"}],"wp:attachment":[{"href":"https:\/\/taikalyhty.fi\/en\/wp-json\/wp\/v2\/media?parent=1026"}],"wp:term":[{"taxonomy":"product_brand","embeddable":true,"href":"https:\/\/taikalyhty.fi\/en\/wp-json\/wp\/v2\/product_brand?post=1026"},{"taxonomy":"product_cat","embeddable":true,"href":"https:\/\/taikalyhty.fi\/en\/wp-json\/wp\/v2\/product_cat?post=1026"},{"taxonomy":"product_tag","embeddable":true,"href":"https:\/\/taikalyhty.fi\/en\/wp-json\/wp\/v2\/product_tag?post=1026"}],"curies":[{"name":"wp","href":"https:\/\/api.w.org\/{rel}","templated":true}]}}