{"id":1003,"date":"2023-04-11T14:42:04","date_gmt":"2023-04-11T11:42:04","guid":{"rendered":"https:\/\/taikalyhty.fi\/?post_type=product&#038;p=1003"},"modified":"2023-04-11T14:44:35","modified_gmt":"2023-04-11T11:44:35","slug":"m-lival-glider-6g12-840-teholed-valkoinen-10","status":"publish","type":"product","link":"https:\/\/taikalyhty.fi\/en\/product\/m-lival-glider-6g12-840-teholed-valkoinen-10\/","title":{"rendered":"M-Lival Glider 6G12\/840 power LED white (10)"},"content":{"rendered":"<div data-elementor-type=\"wp-post\" data-elementor-id=\"1003\" class=\"elementor elementor-1003 elementor-bc-flex-widget\" data-elementor-post-type=\"product\">\n\t\t\t\t\t\t<section class=\"elementor-section elementor-top-section elementor-element elementor-element-5e719f0 elementor-section-boxed elementor-section-height-default elementor-section-height-default\" data-id=\"5e719f0\" data-element_type=\"section\" data-e-type=\"section\">\n\t\t\t\t\t\t<div class=\"elementor-container elementor-column-gap-default\">\n\t\t\t\t\t<div class=\"elementor-column elementor-col-100 elementor-top-column elementor-element elementor-element-71925d3\" data-id=\"71925d3\" data-element_type=\"column\" data-e-type=\"column\">\n\t\t\t<div class=\"elementor-widget-wrap elementor-element-populated\">\n\t\t\t\t\t\t<div class=\"elementor-element elementor-element-695a5e8 elementor-widget elementor-widget-image\" data-id=\"695a5e8\" data-element_type=\"widget\" data-e-type=\"widget\" data-widget_type=\"image.default\">\n\t\t\t\t<div class=\"elementor-widget-container\">\n\t\t\t\t\t\t\t\t\t\t\t\t\t\t\t<img decoding=\"async\" src=\"https:\/\/taikalyhty.fi\/wp-content\/uploads\/2020\/01\/DSC_0601.jpg\" title=\"\" alt=\"\" loading=\"lazy\" \/>\t\t\t\t\t\t\t\t\t\t\t\t\t\t\t<\/div>\n\t\t\t\t<\/div>\n\t\t\t\t\t<\/div>\n\t\t<\/div>\n\t\t\t\t\t<\/div>\n\t\t<\/section>\n\t\t\t\t<\/div>","protected":false},"excerpt":{"rendered":"<p>Kylmempi valkoinen v\u00e4ris\u00e4vy. Virtasy\u00f6tt\u00f6\u00f6n erikseen varattava matala virtakisko (xtkr 66).<\/p>","protected":false},"featured_media":1066,"template":"","meta":{"_joinchat":[]},"product_brand":[],"product_cat":[44],"product_tag":[],"class_list":{"0":"post-1003","1":"product","2":"type-product","3":"status-publish","4":"has-post-thumbnail","6":"product_cat-valot","8":"first","9":"instock","10":"shipping-taxable","11":"purchasable","12":"product-type-simple"},"_links":{"self":[{"href":"https:\/\/taikalyhty.fi\/en\/wp-json\/wp\/v2\/product\/1003","targetHints":{"allow":["GET"]}}],"collection":[{"href":"https:\/\/taikalyhty.fi\/en\/wp-json\/wp\/v2\/product"}],"about":[{"href":"https:\/\/taikalyhty.fi\/en\/wp-json\/wp\/v2\/types\/product"}],"wp:featuredmedia":[{"embeddable":true,"href":"https:\/\/taikalyhty.fi\/en\/wp-json\/wp\/v2\/media\/1066"}],"wp:attachment":[{"href":"https:\/\/taikalyhty.fi\/en\/wp-json\/wp\/v2\/media?parent=1003"}],"wp:term":[{"taxonomy":"product_brand","embeddable":true,"href":"https:\/\/taikalyhty.fi\/en\/wp-json\/wp\/v2\/product_brand?post=1003"},{"taxonomy":"product_cat","embeddable":true,"href":"https:\/\/taikalyhty.fi\/en\/wp-json\/wp\/v2\/product_cat?post=1003"},{"taxonomy":"product_tag","embeddable":true,"href":"https:\/\/taikalyhty.fi\/en\/wp-json\/wp\/v2\/product_tag?post=1003"}],"curies":[{"name":"wp","href":"https:\/\/api.w.org\/{rel}","templated":true}]}}