{"id":6250,"date":"2023-06-16T17:12:49","date_gmt":"2023-06-16T14:12:49","guid":{"rendered":"https:\/\/taikalyhty.fi\/?page_id=6250"},"modified":"2023-06-16T17:18:46","modified_gmt":"2023-06-16T14:18:46","slug":"vuokrausehdot","status":"publish","type":"page","link":"https:\/\/taikalyhty.fi\/en\/vuokrausehdot\/","title":{"rendered":"Rental conditions"},"content":{"rendered":"<div data-elementor-type=\"wp-page\" data-elementor-id=\"6250\" class=\"elementor elementor-6250\" data-elementor-post-type=\"page\">\n\t\t\t\t\t\t<section class=\"elementor-section elementor-top-section elementor-element elementor-element-5c1936d elementor-section-boxed elementor-section-height-default elementor-section-height-default\" data-id=\"5c1936d\" data-element_type=\"section\" data-e-type=\"section\">\n\t\t\t\t\t\t<div class=\"elementor-container elementor-column-gap-default\">\n\t\t\t\t\t<div class=\"elementor-column elementor-col-100 elementor-top-column elementor-element elementor-element-31671cd\" data-id=\"31671cd\" data-element_type=\"column\" data-e-type=\"column\">\n\t\t\t<div class=\"elementor-widget-wrap elementor-element-populated\">\n\t\t\t\t\t\t<div class=\"elementor-element elementor-element-bd00e76 elementor-widget elementor-widget-heading\" data-id=\"bd00e76\" data-element_type=\"widget\" data-e-type=\"widget\" data-widget_type=\"heading.default\">\n\t\t\t\t<div class=\"elementor-widget-container\">\n\t\t\t\t\t<h2 class=\"elementor-heading-title elementor-size-default\">Rental and delivery conditions<\/h2>\t\t\t\t<\/div>\n\t\t\t\t<\/div>\n\t\t\t\t<div class=\"elementor-element elementor-element-c56a29c elementor-widget elementor-widget-text-editor\" data-id=\"c56a29c\" data-element_type=\"widget\" data-e-type=\"widget\" data-widget_type=\"text-editor.default\">\n\t\t\t\t<div class=\"elementor-widget-container\">\n\t\t\t\t\t\t\t\t\t<ul><li>The prices include rent of furniture\/structures, assembly and disassembly.<\/li><li>The name of the event for which the product is rented must always be stated.<\/li><li>Invoicing information must be provided before handing over the product.<\/li><li>The rental price covers a 5-day rental period. A longer rental period must be agreed separately.<\/li><li>When you order the product delivered, the stated price applies to delivery to the capital region. In the case of longer deliveries, the stated price does not apply in principle, but the transport costs are agreed separately.<\/li><li>Lost and damaged furniture\/structures, the exhibitor will compensate for their full value.<\/li><li>Orders must be placed no later than 14 days before the date. fair event.<\/li><li>Orders placed after the last return date will be delivered as soon as possible<\/li><li>Order processing and invoicing surcharge \u20ac5.<\/li><li>VAT 24% is added to all prices.<\/li><\/ul>\t\t\t\t\t\t\t\t<\/div>\n\t\t\t\t<\/div>\n\t\t\t\t\t<\/div>\n\t\t<\/div>\n\t\t\t\t\t<\/div>\n\t\t<\/section>\n\t\t\t\t<\/div>","protected":false},"excerpt":{"rendered":"<p>Vuokra- ja toimitusehdot Hintoihin sis\u00e4ltyy kalusteiden\/rakenteiden vuokra, kokoaminen ja purkaminen. Tapahtuman nimi, johon tuotteen vuokrataan on aina ilmoitettava. Laskutustiedot ilmoitettava ennen tuotteen luovuttamista. Vuokrahinta kattaa 5 p\u00e4iv\u00e4n vuokra-ajan. Pidemm\u00e4st\u00e4 vuokra-ajasta sovittava erikseen. Tilatessasi tuotteen toimitettuna koskee ilmoitettu hinta toimitusta p\u00e4\u00e4kaupunkiseudulle. Pidempien toimitusten kohdalla ilmoitettu hinta ei l\u00e4ht\u00f6kohtaisesti p\u00e4de, vaan kuljetuskustannuksista sovitaan erikseen. Kadonneet ja vahingoittuneet [&hellip;]<\/p>\n","protected":false},"author":3,"featured_media":0,"parent":0,"menu_order":0,"comment_status":"closed","ping_status":"closed","template":"","meta":{"_joinchat":[],"footnotes":""},"class_list":["post-6250","page","type-page","status-publish","hentry"],"_links":{"self":[{"href":"https:\/\/taikalyhty.fi\/en\/wp-json\/wp\/v2\/pages\/6250","targetHints":{"allow":["GET"]}}],"collection":[{"href":"https:\/\/taikalyhty.fi\/en\/wp-json\/wp\/v2\/pages"}],"about":[{"href":"https:\/\/taikalyhty.fi\/en\/wp-json\/wp\/v2\/types\/page"}],"author":[{"embeddable":true,"href":"https:\/\/taikalyhty.fi\/en\/wp-json\/wp\/v2\/users\/3"}],"replies":[{"embeddable":true,"href":"https:\/\/taikalyhty.fi\/en\/wp-json\/wp\/v2\/comments?post=6250"}],"version-history":[{"count":7,"href":"https:\/\/taikalyhty.fi\/en\/wp-json\/wp\/v2\/pages\/6250\/revisions"}],"predecessor-version":[{"id":6257,"href":"https:\/\/taikalyhty.fi\/en\/wp-json\/wp\/v2\/pages\/6250\/revisions\/6257"}],"wp:attachment":[{"href":"https:\/\/taikalyhty.fi\/en\/wp-json\/wp\/v2\/media?parent=6250"}],"curies":[{"name":"wp","href":"https:\/\/api.w.org\/{rel}","templated":true}]}}