{"id":3,"date":"2023-02-08T18:37:52","date_gmt":"2023-02-08T16:37:52","guid":{"rendered":"https:\/\/taikalyhty.fi\/?page_id=3"},"modified":"2023-05-23T13:16:46","modified_gmt":"2023-05-23T10:16:46","slug":"kayttoehdot-ja-tietosuoja","status":"publish","type":"page","link":"https:\/\/taikalyhty.fi\/en\/kayttoehdot-ja-tietosuoja\/","title":{"rendered":"Terms of use and data protection"},"content":{"rendered":"<div data-elementor-type=\"wp-page\" data-elementor-id=\"3\" class=\"elementor elementor-3\" data-elementor-post-type=\"page\">\n\t\t\t\t\t\t<section class=\"elementor-section elementor-top-section elementor-element elementor-element-3fc97abd elementor-section-boxed elementor-section-height-default elementor-section-height-default\" data-id=\"3fc97abd\" data-element_type=\"section\" data-e-type=\"section\">\n\t\t\t\t\t\t<div class=\"elementor-container elementor-column-gap-default\">\n\t\t\t\t\t<div class=\"elementor-column elementor-col-100 elementor-top-column elementor-element elementor-element-349cfa01\" data-id=\"349cfa01\" data-element_type=\"column\" data-e-type=\"column\">\n\t\t\t<div class=\"elementor-widget-wrap elementor-element-populated\">\n\t\t\t\t\t\t<div class=\"elementor-element elementor-element-40b2870f elementor-widget elementor-widget-text-editor\" data-id=\"40b2870f\" data-element_type=\"widget\" data-e-type=\"widget\" data-widget_type=\"text-editor.default\">\n\t\t\t\t<div class=\"elementor-widget-container\">\n\t\t\t\t\t\t\t\t\t<p><strong>Sivustomme tietosuoja &amp; k\u00e4ytt\u00f6ehdot.<\/strong><\/p>\n<p>Our website address is: https:\/\/taikalyhty-fi.staging.hel4.wp-cloud.dev.<\/p>\n<p><strong>Comments<\/strong><\/p>\n<p>Kun k\u00e4ytt\u00e4j\u00e4t j\u00e4tt\u00e4v\u00e4t kommentteja sivustolle, ker\u00e4\u00e4mme kommenttilomakkeessa olevat tiedot, sek\u00e4 k\u00e4ytt\u00e4j\u00e4n IP-osoitteen ja selaimen versiotiedot roskaviestien tunnistamisen helpottamiseksi. S\u00e4hk\u00f6postiosoitteesta luotu anonymisoitu hajautustieto (hash) voidaan l\u00e4hett\u00e4\u00e4 Gravatar-palveluun tarkistamaan, onko kommentoija palvelun k\u00e4ytt\u00e4j\u00e4. Gravatar-palvelun tietosuojaseloste l\u00f6ytyy osoitteesta https:\/\/automattic.com\/privacy\/.<\/p>\n<p><strong>Media<\/strong><\/p>\n<p>Jos lataat kuvia sivustolle, v\u00e4lt\u00e4 kuvien lataamista, joissa on tallennettu paikkatieto (EXIF GPS). Sivuston vierailijat voivat ladata ja katsoa paikkatietoa kuvista sivustolla.<\/p>\n<p><strong>Ev\u00e4steet<\/strong><\/p>\n<p>Jos j\u00e4t\u00e4t kommentin sivustolle, voit valita nimen, s\u00e4hk\u00f6postiosoitteen ja url-osoitteen tallentamisen ev\u00e4steeseen. T\u00e4m\u00e4 toiminto parantaa k\u00e4ytt\u00f6kokemusta, koska lomaketta ei tarvitse t\u00e4ytt\u00e4\u00e4 joka kerta uudelleen kommenttia lis\u00e4tt\u00e4ess\u00e4. Ev\u00e4stetieto poistetaan selaimesta vuoden kuluttua.<\/p>\n<p>Jos sinulla on tili ja kirjaudut sivustolle, asetamme v\u00e4liaikaisen ev\u00e4steen p\u00e4\u00e4tell\u00e4ksemme tukeeko selain ev\u00e4steit\u00e4 vai ei. T\u00e4m\u00e4 ev\u00e4ste ei sis\u00e4ll\u00e4 henkil\u00f6tietoja ja se poistetaan kun selainikkuna suljetaan.<\/p>\n<p>Kirjautumisen yhteydess\u00e4 asetamme useita ev\u00e4steit\u00e4 tallentaaksemme kirjautumis- ja n\u00e4ytt\u00f6asetuksesi. Kirjautumisev\u00e4steet poistuvat kahden vuorokauden kuluessa, n\u00e4ytt\u00f6asetuksiin liittyv\u00e4t ev\u00e4steet poistuvat vuoden p\u00e4\u00e4st\u00e4. Jos valitset &#8221;Muista minut&#8221; kirjautumisen yhteydess\u00e4, kirjautumistietojasi s\u00e4ilytet\u00e4\u00e4n kahden viikon ajan. Jos kirjaudut ulos, kirjautumiseen liittyv\u00e4t ev\u00e4steet poistetaan.<\/p>\n<p>Jos julkaiset artikkelin tai muokkaat olemassa olevaa, tallennamme selaimeen ev\u00e4steen, joka sis\u00e4lt\u00e4\u00e4 muokattavan artikkelin ID:n. Ev\u00e4ste vanhenee yhdess\u00e4 vuorokaudessa.<\/p>\n<p><strong>Muilta sivustoilta upotettu sis\u00e4lt\u00f6<\/strong><\/p>\n<p>Upotetun sis\u00e4ll\u00f6n avaaminen on verrattavissa siihen, ett\u00e4 vierailet toisella sivustolla. N\u00e4m\u00e4 sivustot voivat ker\u00e4t\u00e4 tietoja sinusta, k\u00e4ytt\u00e4\u00e4 ev\u00e4steit\u00e4, lis\u00e4t\u00e4 kolmannen osapuolen seurantatekniikoita ja seurata vuorovaikutustasi upotetun sis\u00e4ll\u00f6n kanssa, mukaan lukien vuorovaikutuksen seuranta, jos ja kun olet kirjautunut k\u00e4ytt\u00e4j\u00e4n\u00e4 sivustolle.<\/p>\n<p><strong>Analytics<\/strong><\/p>\n<p>K\u00e4yt\u00e4mme Google Analytics -ty\u00f6kalua, joka auttaa meit\u00e4 ymm\u00e4rt\u00e4m\u00e4\u00e4n, miten k\u00e4ytt\u00e4j\u00e4t k\u00e4ytt\u00e4v\u00e4t verkkosivustoamme. Google Analytics ker\u00e4\u00e4 tietoa, kuten sivuston k\u00e4yt\u00f6n tiheyden, sivuilla vietetyn ajan, mill\u00e4 sivuilla k\u00e4ytt\u00e4j\u00e4t vierailevat jne. N\u00e4it\u00e4 tietoja k\u00e4ytet\u00e4\u00e4n parantamaan sivuston sis\u00e4lt\u00f6\u00e4 ja k\u00e4ytt\u00f6kokemusta.<\/p>\n<p><strong>Who we share your information with<\/strong><\/p>\n<p>Emme myy, vuokraa tai jaa henkil\u00f6tietojasi ulkopuolisille tahoille ilman suostumustasi. Voimme jakaa tietoja luotettavien kolmansien osapuolten kanssa, jotka auttavat meit\u00e4 yll\u00e4pit\u00e4m\u00e4\u00e4n sivustoa ja palveluitamme, kunhan n\u00e4m\u00e4 osapuolet sitoutuvat pit\u00e4m\u00e4\u00e4n tiedot luottamuksellisina.<\/p>\n<p><strong>Kuinka kauan s\u00e4ilyt\u00e4mme tietoa<\/strong><\/p>\n<p>Jos j\u00e4t\u00e4t kommentin, kommentti ja sen metatiedot s\u00e4ilytet\u00e4\u00e4n toistaiseksi. T\u00e4m\u00e4 tehd\u00e4\u00e4n, jotta voimme tunnistaa ja hyv\u00e4ksy\u00e4 seuraavat kommentit automaattisesti sen sijaan, ett\u00e4 joutuisimme pit\u00e4m\u00e4\u00e4n niit\u00e4 tarkistusjonossa.<\/p>\n<p>Rekister\u00f6idyille k\u00e4ytt\u00e4jille (jos sellaisia on) tallennamme henkil\u00f6kohtaisen tiedon, jonka he antavat profiilissaan. Kaikki k\u00e4ytt\u00e4j\u00e4t voivat n\u00e4hd\u00e4, muokata tai poistaa henkil\u00f6tietonsa milloin tahansa (paitsi he eiv\u00e4t voi muuttaa k\u00e4ytt\u00e4j\u00e4tunnusta). Verkkosivuston yll\u00e4pit\u00e4j\u00e4t voivat my\u00f6s n\u00e4hd\u00e4 ja muokata n\u00e4it\u00e4 tietoja.<\/p>\n<p><strong>Mit\u00e4 oikeuksia sinulla on omaan tietoosi<\/strong><\/p>\n<p>Jos olet j\u00e4tt\u00e4nyt kommentteja t\u00e4lle sivustolle, voit pyyt\u00e4\u00e4 saada otteen kaikista henkil\u00f6tiedoistasi, mukaan lukien kaikki tiedot, jotka olet meille antanut. Voit my\u00f6s pyyt\u00e4\u00e4 henkil\u00f6tietojesi poistamista. N\u00e4m\u00e4 eiv\u00e4t koske tietoja, joita meid\u00e4n on s\u00e4ilytett\u00e4v\u00e4 hallinnollisia, laillisia tai turvallisuussyit\u00e4 varten.<\/p>\t\t\t\t\t\t\t\t<\/div>\n\t\t\t\t<\/div>\n\t\t\t\t\t<\/div>\n\t\t<\/div>\n\t\t\t\t\t<\/div>\n\t\t<\/section>\n\t\t\t\t<\/div>","protected":false},"excerpt":{"rendered":"<p>Sivustomme tietosuoja &amp; k\u00e4ytt\u00f6ehdot. Verkkosivustomme osoite on: https:\/\/taikalyhty.fi. Kommentit Kun k\u00e4ytt\u00e4j\u00e4t j\u00e4tt\u00e4v\u00e4t kommentteja sivustolle, ker\u00e4\u00e4mme kommenttilomakkeessa olevat tiedot, sek\u00e4 k\u00e4ytt\u00e4j\u00e4n IP-osoitteen ja selaimen versiotiedot roskaviestien tunnistamisen helpottamiseksi. S\u00e4hk\u00f6postiosoitteesta luotu anonymisoitu hajautustieto (hash) voidaan l\u00e4hett\u00e4\u00e4 Gravatar-palveluun tarkistamaan, onko kommentoija palvelun k\u00e4ytt\u00e4j\u00e4. Gravatar-palvelun tietosuojaseloste l\u00f6ytyy osoitteesta https:\/\/automattic.com\/privacy\/. Media Jos lataat kuvia sivustolle, v\u00e4lt\u00e4 kuvien lataamista, joissa on [&hellip;]<\/p>\n","protected":false},"author":3,"featured_media":0,"parent":0,"menu_order":0,"comment_status":"closed","ping_status":"closed","template":"","meta":{"_joinchat":[],"footnotes":""},"class_list":["post-3","page","type-page","status-publish","hentry"],"_links":{"self":[{"href":"https:\/\/taikalyhty.fi\/en\/wp-json\/wp\/v2\/pages\/3","targetHints":{"allow":["GET"]}}],"collection":[{"href":"https:\/\/taikalyhty.fi\/en\/wp-json\/wp\/v2\/pages"}],"about":[{"href":"https:\/\/taikalyhty.fi\/en\/wp-json\/wp\/v2\/types\/page"}],"author":[{"embeddable":true,"href":"https:\/\/taikalyhty.fi\/en\/wp-json\/wp\/v2\/users\/3"}],"replies":[{"embeddable":true,"href":"https:\/\/taikalyhty.fi\/en\/wp-json\/wp\/v2\/comments?post=3"}],"version-history":[{"count":12,"href":"https:\/\/taikalyhty.fi\/en\/wp-json\/wp\/v2\/pages\/3\/revisions"}],"predecessor-version":[{"id":4183,"href":"https:\/\/taikalyhty.fi\/en\/wp-json\/wp\/v2\/pages\/3\/revisions\/4183"}],"wp:attachment":[{"href":"https:\/\/taikalyhty.fi\/en\/wp-json\/wp\/v2\/media?parent=3"}],"curies":[{"name":"wp","href":"https:\/\/api.w.org\/{rel}","templated":true}]}}